{"id":32498,"date":"2023-10-19T06:46:29","date_gmt":"2023-10-19T04:46:29","guid":{"rendered":"https:\/\/plsk.eu\/mapa-strony\/"},"modified":"2024-12-13T13:47:21","modified_gmt":"2024-12-13T12:47:21","slug":"sitemap","status":"publish","type":"page","link":"https:\/\/plsk.eu\/sk\/sitemap\/","title":{"rendered":"Sitemap"},"content":{"rendered":"<h2>Str\u00e1nky<\/h2><ul><li><a href=\"https:\/\/plsk.eu\/sk\/vyhlasenie-o-pristupnosti\/\">Vyhl\u00e1senie o pr\u00edstupnosti<\/a><\/li><li><a href=\"https:\/\/plsk.eu\/sk\/sitemap\/\">Sitemap<\/a><\/li><li><a href=\"https:\/\/plsk.eu\/sk\/test-sk\/\">test sk<\/a><\/li><li><a href=\"https:\/\/plsk.eu\/sk\/informacia-o-programe\/\">Inform\u00e1cia o Programe<\/a><ul><li><a href=\"https:\/\/plsk.eu\/sk\/informacia-o-programe\/hlavne-predpoklady-programu\/\">Hlavn\u00e9 predpoklady programu<\/a><\/li><li><a href=\"https:\/\/plsk.eu\/sk\/informacia-o-programe\/institucie-programu\/\">In\u0161tit\u00facie programu<\/a><ul><li><a href=\"https:\/\/plsk.eu\/sk\/informacia-o-programe\/institucie-programu\/riadaci-organ\/\">Riadaci org\u00e1n<\/a><\/li><li><a href=\"https:\/\/plsk.eu\/sk\/informacia-o-programe\/institucie-programu\/narodny-organ\/\">N\u00e1rodn\u00fd org\u00e1n<\/a><\/li><li><a href=\"https:\/\/plsk.eu\/sk\/informacia-o-programe\/institucie-programu\/monitorovaci-vybor\/\">Monitorovac\u00ed v\u00fdbor<\/a><\/li><li><a href=\"https:\/\/plsk.eu\/sk\/informacia-o-programe\/institucie-programu\/organy-kontroly\/\">Org\u00e1ny kontroly<\/a><\/li><li><a href=\"https:\/\/plsk.eu\/sk\/informacia-o-programe\/institucie-programu\/spolocny-technicky-sekretariat\/\">Spolo\u010dn\u00fd sekretari\u00e1t<\/a><\/li><li><a href=\"https:\/\/plsk.eu\/sk\/informacia-o-programe\/institucie-programu\/regionalne-kontaktne-body\/\">Region\u00e1lne kontaktn\u00e9 body<\/a><\/li><li><a href=\"https:\/\/plsk.eu\/sk\/informacia-o-programe\/institucie-programu\/organ-auditu\/\">Org\u00e1n auditu<\/a><\/li><\/ul><\/li><li><a href=\"https:\/\/plsk.eu\/sk\/informacia-o-programe\/slovnik-pojmov-tykajucich-sa-programu\/\">Slovn\u00edk pojmov t\u00fdkaj\u00facich sa programu<\/a><\/li><li><a href=\"https:\/\/plsk.eu\/sk\/informacia-o-programe\/zoznam-operacii-projektov\/\">Zoznam oper\u00e1ci\u00ed\/projektov<\/a><\/li><li><a href=\"https:\/\/plsk.eu\/sk\/informacia-o-programe\/stvrtrocne-spravy-o-implementacii-programu\/\">\u0160tvr\u0165ro\u010dn\u00e9 spr\u00e1vy o implement\u00e1cii Programu<\/a><\/li><li><a href=\"https:\/\/plsk.eu\/sk\/informacia-o-programe\/nezrovnalosti-boj-proti-podvodom-v-ramci-programu\/\">Nezrovnalosti \/ Boj proti podvodom v r\u00e1mci Programu<\/a><\/li><\/ul><\/li><li><a href=\"https:\/\/plsk.eu\/sk\/mapa-projektov\/\">Mapa projektov<\/a><\/li><li><a href=\"https:\/\/plsk.eu\/sk\/pre-ziadatela\/\">Pre \u017eiadate\u013ea<\/a><ul><li><a href=\"https:\/\/plsk.eu\/sk\/pre-ziadatela\/harmonogram-naboru\/\">Harmonogram v\u00fdziev<\/a><\/li><li><a href=\"https:\/\/plsk.eu\/sk\/pre-ziadatela\/predlozenie-ziadosti-o-prispevok\/\">Predlo\u017eenie \u017eiadosti o pr\u00edspevok<\/a><\/li><li><a href=\"https:\/\/plsk.eu\/sk\/pre-ziadatela\/hladanie-partnerov\/\">H\u013eadanie partnerov<\/a><\/li><li><a href=\"https:\/\/plsk.eu\/sk\/pre-ziadatela\/faq-najcastejsie-otazky\/\">Ot\u00e1zky a odpovede<\/a><\/li><li><a href=\"https:\/\/plsk.eu\/sk\/pre-ziadatela\/statna-pomoc\/\">\u0160t\u00e1tna pomoc<\/a><\/li><li><a href=\"https:\/\/plsk.eu\/sk\/pre-ziadatela\/participacia\/\">Particip\u00e1cia<\/a><\/li><li><a href=\"https:\/\/plsk.eu\/sk\/pre-ziadatela\/fond-malych-projektov\/\">Fond Mal\u00fdch Projektov<\/a><\/li><li><a href=\"https:\/\/plsk.eu\/sk\/pre-ziadatela\/odvolacie-konanie\/\">Odvolacie konanie<\/a><\/li><\/ul><\/li><li><a href=\"https:\/\/plsk.eu\/sk\/skoliace-materialy\/\">\u0160koliace materi\u00e1ly<\/a><\/li><li><a href=\"https:\/\/plsk.eu\/sk\/platforma-pre-expertov\/\">Platforma pre expertov<\/a><\/li><li><a href=\"https:\/\/plsk.eu\/sk\/platforma-pre-clenov-monitorovacieho-vyboru\/\">Platforma pre \u010dlenov monitorovacieho v\u00fdboru<\/a><\/li><li><a href=\"https:\/\/plsk.eu\/sk\/hladajte-partnerov\/\">H\u013eadajte partnerov<\/a><ul><li><a href=\"https:\/\/plsk.eu\/sk\/hladajte-partnerov\/wyszukiwarka-partnerow\/\">Zobacz zg\u0142oszonych partner\u00f3w SK<\/a><\/li><li><a href=\"https:\/\/plsk.eu\/sk\/hladajte-partnerov\/pridane-projekty\/\">Pridan\u00e9 projekty<\/a><\/li><\/ul><\/li><li><a href=\"https:\/\/plsk.eu\/sk\/nase-projekty\/\">Mapa projektov<\/a><ul><li><a href=\"https:\/\/projekty.plsk.eu\/\">Projekty 2014-2020<\/a><\/li><li><a href=\"https:\/\/plsk.eu\/sk\/nase-projekty\/projekty-2021-2027\/\">Projekty 2021-2027<\/a><\/li><\/ul><\/li><li><a href=\"https:\/\/plsk.eu\/sk\/kniznica\/\">Kni\u017enica<\/a><\/li><li><a href=\"https:\/\/plsk.eu\/sk\/wp-file-download-search\/\">WP File download search<\/a><\/li><li><a href=\"https:\/\/plsk.eu\/sk\/pre-prijimatela\/\">Pre prij\u00edmate\u013ea<\/a><\/li><li><a href=\"https:\/\/plsk.eu\/sk\/informacia-a-propagacia\/\">inform\u00e1cia a propag\u00e1cia<\/a><\/li><li><a href=\"https:\/\/plsk.eu\/sk\/pravidla-ochrany-osobnych-udajov\/\">Pravidl\u00e1 ochrany osobn\u00fdch \u00fadajov<\/a><\/li><li><a href=\"https:\/\/plsk.eu\/sk\/\">Domovsk\u00e1 str\u00e1nka<\/a><\/li><li><a href=\"https:\/\/plsk.eu\/sk\/dokumenty\/\">Dokumenty<\/a><\/li><li><a href=\"https:\/\/plsk.eu\/sk\/monitorovaci-vybor\/\">Monitorovac\u00ed v\u00fdbor<\/a><\/li><li><a href=\"https:\/\/plsk.eu\/sk\/vyzvy\/\">V\u00fdzvy<\/a><\/li><li><a href=\"https:\/\/plsk.eu\/sk\/udalosti\/\">Udalosti<\/a><\/li><li><a href=\"https:\/\/plsk.eu\/sk\/aktuality\/\">Aktuality<\/a><\/li><li><a href=\"https:\/\/plsk.eu\/sk\/vyzvy-na-podavanie-ziadosti\/\">V\u00fdzvy na pod\u00e1vanie \u017eiadost\u00ed<\/a><\/li><li><a href=\"https:\/\/plsk.eu\/sk\/ozvite-sa\/\">Kontaktujte n\u00e1s<\/a><ul><li><a href=\"https:\/\/plsk.eu\/sk\/ozvite-sa\/\">Regionalne Punkty Kontaktowe<\/a><\/li><li><a href=\"https:\/\/plsk.eu\/sk\/ozvite-sa\/\">Spolo\u010dn\u00fd sekretari\u00e1t<\/a><\/li><li><a href=\"https:\/\/plsk.eu\/sk\/ozvite-sa\/\">Instytucja zarz\u0105dzaj\u0105ca<\/a><\/li><li><a href=\"https:\/\/plsk.eu\/skontaktuj-sie\/\">Instytucja krajowa<\/a><\/li><li><a href=\"https:\/\/plsk.eu\/skontaktuj-sie\/\">Kontrola<\/a><\/li><\/ul><\/li><\/ul>\n\n\n\n<p><\/p>\n","protected":false},"excerpt":{"rendered":"","protected":false},"author":22,"featured_media":0,"parent":0,"menu_order":0,"comment_status":"closed","ping_status":"closed","template":"","meta":{"_acf_changed":false,"inline_featured_image":false,"_themeisle_gutenberg_block_has_review":false,"footnotes":"","_links_to":"","_links_to_target":""},"class_list":["post-32498","page","type-page","status-publish","hentry"],"acf":[],"_links":{"self":[{"href":"https:\/\/plsk.eu\/sk\/wp-json\/wp\/v2\/pages\/32498","targetHints":{"allow":["GET"]}}],"collection":[{"href":"https:\/\/plsk.eu\/sk\/wp-json\/wp\/v2\/pages"}],"about":[{"href":"https:\/\/plsk.eu\/sk\/wp-json\/wp\/v2\/types\/page"}],"author":[{"embeddable":true,"href":"https:\/\/plsk.eu\/sk\/wp-json\/wp\/v2\/users\/22"}],"replies":[{"embeddable":true,"href":"https:\/\/plsk.eu\/sk\/wp-json\/wp\/v2\/comments?post=32498"}],"version-history":[{"count":2,"href":"https:\/\/plsk.eu\/sk\/wp-json\/wp\/v2\/pages\/32498\/revisions"}],"predecessor-version":[{"id":37901,"href":"https:\/\/plsk.eu\/sk\/wp-json\/wp\/v2\/pages\/32498\/revisions\/37901"}],"wp:attachment":[{"href":"https:\/\/plsk.eu\/sk\/wp-json\/wp\/v2\/media?parent=32498"}],"curies":[{"name":"wp","href":"https:\/\/api.w.org\/{rel}","templated":true}]}}