{"id":35509,"date":"2024-09-02T13:16:07","date_gmt":"2024-09-02T11:16:07","guid":{"rendered":"https:\/\/plsk.eu\/o-programie\/"},"modified":"2024-11-25T15:36:00","modified_gmt":"2024-11-25T14:36:00","slug":"informacia-o-programe","status":"publish","type":"page","link":"https:\/\/plsk.eu\/sk\/informacia-o-programe\/","title":{"rendered":"Inform\u00e1cia o Programe"},"content":{"rendered":"<div id=\"subpages-block_a8f688868da7de7f7102e6d9e465baa7\"\n  class=\"subpages-block \">\n  <!-- subpage -->\n\n  \n    <div class=\"services_page\">\n\n      <ul class=\"list-unstyled news-list-wrapper__list sub_pages\">\n                <li class=\"news-list-wrapper__list__item \">\n          <a href=\"https:\/\/plsk.eu\/sk\/informacia-o-programe\/hlavne-predpoklady-programu\/\">\n          <div class=\"card w-100 h-100 poradniki-lista__card \">\n            <div class=\"card-img-top\">\n              <img decoding=\"async\" src=\"https:\/\/plsk.eu\/wp-content\/uploads\/2024\/10\/o-programie-banner-scaled-e1733399882833-633x406.jpeg\" alt=\"Hlavn\u00e9 predpoklady programu\" \/>\n            <\/div>\n\n            <div class=\"card-body\">\n\n\n                <h3 class=\"cardTitlePlc1\">Hlavn\u00e9 predpoklady programu<\/h3>\n\n            <\/div>\n          <\/div>\n\n\n          <\/a>\n        <\/li>\n                <li class=\"news-list-wrapper__list__item \">\n          <a href=\"https:\/\/plsk.eu\/sk\/informacia-o-programe\/institucie-programu\/\">\n          <div class=\"card w-100 h-100 poradniki-lista__card \">\n            <div class=\"card-img-top\">\n              <img decoding=\"async\" src=\"https:\/\/plsk.eu\/wp-content\/uploads\/2024\/12\/20240619105445_IMG_6909-633x406.jpg\" alt=\"In\u0161tit\u00facie programu\" \/>\n            <\/div>\n\n            <div class=\"card-body\">\n\n\n                <h3 class=\"cardTitlePlc1\">In\u0161tit\u00facie programu<\/h3>\n\n            <\/div>\n          <\/div>\n\n\n          <\/a>\n        <\/li>\n                <li class=\"news-list-wrapper__list__item \">\n          <a href=\"https:\/\/plsk.eu\/sk\/informacia-o-programe\/slovnik-pojmov-tykajucich-sa-programu\/\">\n          <div class=\"card w-100 h-100 poradniki-lista__card \">\n            <div class=\"card-img-top\">\n              <img decoding=\"async\" src=\"https:\/\/plsk.eu\/wp-content\/uploads\/2024\/12\/IMG_5402-633x406.jpg\" alt=\"Slovn\u00edk pojmov t\u00fdkaj\u00facich sa programu\" \/>\n            <\/div>\n\n            <div class=\"card-body\">\n\n\n                <h3 class=\"cardTitlePlc1\">Slovn\u00edk pojmov t\u00fdkaj\u00facich sa programu<\/h3>\n\n            <\/div>\n          <\/div>\n\n\n          <\/a>\n        <\/li>\n                <li class=\"news-list-wrapper__list__item \">\n          <a href=\"https:\/\/plsk.eu\/sk\/informacia-o-programe\/zoznam-operacii-projektov\/\">\n          <div class=\"card w-100 h-100 poradniki-lista__card \">\n            <div class=\"card-img-top\">\n              <img decoding=\"async\" src=\"https:\/\/plsk.eu\/wp-content\/uploads\/2024\/12\/DSC4567-633x406.jpg\" alt=\"Zoznam oper\u00e1ci\u00ed\/projektov\" \/>\n            <\/div>\n\n            <div class=\"card-body\">\n\n\n                <h3 class=\"cardTitlePlc1\">Zoznam oper\u00e1ci\u00ed\/projektov<\/h3>\n\n            <\/div>\n          <\/div>\n\n\n          <\/a>\n        <\/li>\n                <li class=\"news-list-wrapper__list__item \">\n          <a href=\"https:\/\/plsk.eu\/sk\/informacia-o-programe\/stvrtrocne-spravy-o-implementacii-programu\/\">\n          <div class=\"card w-100 h-100 poradniki-lista__card \">\n            <div class=\"card-img-top\">\n              <img decoding=\"async\" src=\"https:\/\/plsk.eu\/wp-content\/uploads\/2024\/12\/4-633x406.jpg\" alt=\"\u0160tvr\u0165ro\u010dn\u00e9 spr\u00e1vy o implement\u00e1cii Programu\" \/>\n            <\/div>\n\n            <div class=\"card-body\">\n\n\n                <h3 class=\"cardTitlePlc1\">\u0160tvr\u0165ro\u010dn\u00e9 spr\u00e1vy o implement\u00e1cii Programu<\/h3>\n\n            <\/div>\n          <\/div>\n\n\n          <\/a>\n        <\/li>\n                <li class=\"news-list-wrapper__list__item \">\n          <a href=\"https:\/\/plsk.eu\/sk\/informacia-o-programe\/nezrovnalosti-boj-proti-podvodom-v-ramci-programu\/\">\n          <div class=\"card w-100 h-100 poradniki-lista__card \">\n            <div class=\"card-img-top\">\n              <img decoding=\"async\" src=\"https:\/\/plsk.eu\/wp-content\/uploads\/2024\/09\/22-633x406.png\" alt=\"Nezrovnalosti \/ Boj proti podvodom v r\u00e1mci Programu\" \/>\n            <\/div>\n\n            <div class=\"card-body\">\n\n\n                <h3 class=\"cardTitlePlc1\">Nezrovnalosti \/ Boj proti podvodom v r\u00e1mci Programu<\/h3>\n\n            <\/div>\n          <\/div>\n\n\n          <\/a>\n        <\/li>\n        \n      <\/ul>\n    <\/div>\n    <div class=\"height_70\"><\/div>\n\n\n    \n  <!-- \/subpage -->\n<\/div>\n\n\n\n\n<p><\/p>\n","protected":false},"excerpt":{"rendered":"","protected":false},"author":22,"featured_media":0,"parent":0,"menu_order":0,"comment_status":"closed","ping_status":"closed","template":"","meta":{"_acf_changed":false,"inline_featured_image":false,"_themeisle_gutenberg_block_has_review":false,"footnotes":"","_links_to":"","_links_to_target":""},"class_list":["post-35509","page","type-page","status-publish","hentry"],"acf":[],"_links":{"self":[{"href":"https:\/\/plsk.eu\/sk\/wp-json\/wp\/v2\/pages\/35509","targetHints":{"allow":["GET"]}}],"collection":[{"href":"https:\/\/plsk.eu\/sk\/wp-json\/wp\/v2\/pages"}],"about":[{"href":"https:\/\/plsk.eu\/sk\/wp-json\/wp\/v2\/types\/page"}],"author":[{"embeddable":true,"href":"https:\/\/plsk.eu\/sk\/wp-json\/wp\/v2\/users\/22"}],"replies":[{"embeddable":true,"href":"https:\/\/plsk.eu\/sk\/wp-json\/wp\/v2\/comments?post=35509"}],"version-history":[{"count":1,"href":"https:\/\/plsk.eu\/sk\/wp-json\/wp\/v2\/pages\/35509\/revisions"}],"predecessor-version":[{"id":35510,"href":"https:\/\/plsk.eu\/sk\/wp-json\/wp\/v2\/pages\/35509\/revisions\/35510"}],"wp:attachment":[{"href":"https:\/\/plsk.eu\/sk\/wp-json\/wp\/v2\/media?parent=35509"}],"curies":[{"name":"wp","href":"https:\/\/api.w.org\/{rel}","templated":true}]}}