{"id":35520,"date":"2024-09-02T13:19:30","date_gmt":"2024-09-02T11:19:30","guid":{"rendered":"https:\/\/plsk.eu\/informacia-o-programe\/instytucje-programowe\/"},"modified":"2024-12-18T14:10:38","modified_gmt":"2024-12-18T13:10:38","slug":"institucie-programu","status":"publish","type":"page","link":"https:\/\/plsk.eu\/sk\/informacia-o-programe\/institucie-programu\/","title":{"rendered":"In\u0161tit\u00facie programu"},"content":{"rendered":"<ul class=\"subpages-list__btns wp-block-page-list\"><li class=\"wp-block-pages-list__item\"><a class=\"wp-block-pages-list__item__link\" href=\"https:\/\/plsk.eu\/sk\/informacia-o-programe\/institucie-programu\/riadaci-organ\/\">Riadaci org\u00e1n<\/a><\/li><li class=\"wp-block-pages-list__item\"><a class=\"wp-block-pages-list__item__link\" href=\"https:\/\/plsk.eu\/sk\/informacia-o-programe\/institucie-programu\/narodny-organ\/\">N\u00e1rodn\u00fd org\u00e1n<\/a><\/li><li class=\"wp-block-pages-list__item\"><a class=\"wp-block-pages-list__item__link\" href=\"https:\/\/plsk.eu\/sk\/informacia-o-programe\/institucie-programu\/monitorovaci-vybor\/\">Monitorovac\u00ed v\u00fdbor<\/a><\/li><li class=\"wp-block-pages-list__item\"><a class=\"wp-block-pages-list__item__link\" href=\"https:\/\/plsk.eu\/sk\/informacia-o-programe\/institucie-programu\/organy-kontroly\/\">Org\u00e1ny kontroly<\/a><\/li><li class=\"wp-block-pages-list__item\"><a class=\"wp-block-pages-list__item__link\" href=\"https:\/\/plsk.eu\/sk\/informacia-o-programe\/institucie-programu\/spolocny-technicky-sekretariat\/\">Spolo\u010dn\u00fd sekretari\u00e1t<\/a><\/li><li class=\"wp-block-pages-list__item\"><a class=\"wp-block-pages-list__item__link\" href=\"https:\/\/plsk.eu\/sk\/informacia-o-programe\/institucie-programu\/regionalne-kontaktne-body\/\">Region\u00e1lne kontaktn\u00e9 body<\/a><\/li><li class=\"wp-block-pages-list__item\"><a class=\"wp-block-pages-list__item__link\" href=\"https:\/\/plsk.eu\/sk\/informacia-o-programe\/institucie-programu\/organ-auditu\/\">Org\u00e1n auditu<\/a><\/li><\/ul>\n\n\n<p><\/p>\n","protected":false},"excerpt":{"rendered":"","protected":false},"author":22,"featured_media":38480,"parent":35509,"menu_order":3,"comment_status":"closed","ping_status":"closed","template":"","meta":{"_acf_changed":false,"inline_featured_image":false,"_themeisle_gutenberg_block_has_review":false,"footnotes":"","_links_to":"","_links_to_target":""},"class_list":["post-35520","page","type-page","status-publish","has-post-thumbnail","hentry"],"acf":[],"_links":{"self":[{"href":"https:\/\/plsk.eu\/sk\/wp-json\/wp\/v2\/pages\/35520","targetHints":{"allow":["GET"]}}],"collection":[{"href":"https:\/\/plsk.eu\/sk\/wp-json\/wp\/v2\/pages"}],"about":[{"href":"https:\/\/plsk.eu\/sk\/wp-json\/wp\/v2\/types\/page"}],"author":[{"embeddable":true,"href":"https:\/\/plsk.eu\/sk\/wp-json\/wp\/v2\/users\/22"}],"replies":[{"embeddable":true,"href":"https:\/\/plsk.eu\/sk\/wp-json\/wp\/v2\/comments?post=35520"}],"version-history":[{"count":7,"href":"https:\/\/plsk.eu\/sk\/wp-json\/wp\/v2\/pages\/35520\/revisions"}],"predecessor-version":[{"id":38481,"href":"https:\/\/plsk.eu\/sk\/wp-json\/wp\/v2\/pages\/35520\/revisions\/38481"}],"up":[{"embeddable":true,"href":"https:\/\/plsk.eu\/sk\/wp-json\/wp\/v2\/pages\/35509"}],"wp:featuredmedia":[{"embeddable":true,"href":"https:\/\/plsk.eu\/sk\/wp-json\/wp\/v2\/media\/38480"}],"wp:attachment":[{"href":"https:\/\/plsk.eu\/sk\/wp-json\/wp\/v2\/media?parent=35520"}],"curies":[{"name":"wp","href":"https:\/\/api.w.org\/{rel}","templated":true}]}}