{"id":35538,"date":"2024-09-02T10:13:38","date_gmt":"2024-09-02T08:13:38","guid":{"rendered":"https:\/\/plsk.eu\/dla-wnioskodawcy\/"},"modified":"2024-11-26T12:40:26","modified_gmt":"2024-11-26T11:40:26","slug":"pre-ziadatela","status":"publish","type":"page","link":"https:\/\/plsk.eu\/sk\/pre-ziadatela\/","title":{"rendered":"Pre \u017eiadate\u013ea"},"content":{"rendered":"<div id=\"subpages-block_a0b69995199b78adfe4b7522196adbb5\"\n  class=\"subpages-block \">\n  <!-- subpage -->\n\n  \n    <div class=\"services_page\">\n\n      <ul class=\"list-unstyled news-list-wrapper__list sub_pages\">\n                <li class=\"news-list-wrapper__list__item \">\n          <a href=\"https:\/\/plsk.eu\/sk\/pre-ziadatela\/harmonogram-naboru\/\">\n          <div class=\"card w-100 h-100 poradniki-lista__card \">\n            <div class=\"card-img-top\">\n              <img decoding=\"async\" src=\"https:\/\/plsk.eu\/wp-content\/uploads\/2024\/12\/Harmonogram-naborow-633x406.png\" alt=\"Harmonogram v\u00fdziev\" \/>\n            <\/div>\n\n            <div class=\"card-body\">\n\n\n                <h3 class=\"cardTitlePlc1\">Harmonogram v\u00fdziev<\/h3>\n\n            <\/div>\n          <\/div>\n\n\n          <\/a>\n        <\/li>\n                <li class=\"news-list-wrapper__list__item \">\n          <a href=\"https:\/\/plsk.eu\/sk\/pre-ziadatela\/predlozenie-ziadosti-o-prispevok\/\">\n          <div class=\"card w-100 h-100 poradniki-lista__card \">\n            <div class=\"card-img-top\">\n              <img decoding=\"async\" src=\"https:\/\/plsk.eu\/wp-content\/uploads\/2024\/12\/CST2021-633x406.png\" alt=\"Predlo\u017eenie \u017eiadosti o pr\u00edspevok\" \/>\n            <\/div>\n\n            <div class=\"card-body\">\n\n\n                <h3 class=\"cardTitlePlc1\">Predlo\u017eenie \u017eiadosti o pr\u00edspevok<\/h3>\n\n            <\/div>\n          <\/div>\n\n\n          <\/a>\n        <\/li>\n                <li class=\"news-list-wrapper__list__item \">\n          <a href=\"https:\/\/plsk.eu\/sk\/pre-ziadatela\/hladanie-partnerov\/\">\n          <div class=\"card w-100 h-100 poradniki-lista__card \">\n            <div class=\"card-img-top\">\n              <img decoding=\"async\" src=\"https:\/\/plsk.eu\/wp-content\/uploads\/2024\/09\/22-633x406.png\" alt=\"H\u013eadanie partnerov\" \/>\n            <\/div>\n\n            <div class=\"card-body\">\n\n\n                <h3 class=\"cardTitlePlc1\">H\u013eadanie partnerov<\/h3>\n\n            <\/div>\n          <\/div>\n\n\n          <\/a>\n        <\/li>\n                <li class=\"news-list-wrapper__list__item \">\n          <a href=\"https:\/\/plsk.eu\/sk\/pre-ziadatela\/faq-najcastejsie-otazky\/\">\n          <div class=\"card w-100 h-100 poradniki-lista__card \">\n            <div class=\"card-img-top\">\n              <img decoding=\"async\" src=\"https:\/\/plsk.eu\/wp-content\/uploads\/2024\/12\/QA-633x406.png\" alt=\"Ot\u00e1zky a odpovede\" \/>\n            <\/div>\n\n            <div class=\"card-body\">\n\n\n                <h3 class=\"cardTitlePlc1\">Ot\u00e1zky a odpovede<\/h3>\n\n            <\/div>\n          <\/div>\n\n\n          <\/a>\n        <\/li>\n                <li class=\"news-list-wrapper__list__item \">\n          <a href=\"https:\/\/plsk.eu\/sk\/pre-ziadatela\/statna-pomoc\/\">\n          <div class=\"card w-100 h-100 poradniki-lista__card \">\n            <div class=\"card-img-top\">\n              <img decoding=\"async\" src=\"https:\/\/plsk.eu\/wp-content\/uploads\/2024\/12\/Pomoc-publiczna-633x406.png\" alt=\"\u0160t\u00e1tna pomoc\" \/>\n            <\/div>\n\n            <div class=\"card-body\">\n\n\n                <h3 class=\"cardTitlePlc1\">\u0160t\u00e1tna pomoc<\/h3>\n\n            <\/div>\n          <\/div>\n\n\n          <\/a>\n        <\/li>\n                <li class=\"news-list-wrapper__list__item \">\n          <a href=\"https:\/\/plsk.eu\/sk\/pre-ziadatela\/participacia\/\">\n          <div class=\"card w-100 h-100 poradniki-lista__card \">\n            <div class=\"card-img-top\">\n              <img decoding=\"async\" src=\"https:\/\/plsk.eu\/wp-content\/uploads\/2024\/11\/partycypacja-633x406.jpg\" alt=\"Particip\u00e1cia\" \/>\n            <\/div>\n\n            <div class=\"card-body\">\n\n\n                <h3 class=\"cardTitlePlc1\">Particip\u00e1cia<\/h3>\n\n            <\/div>\n          <\/div>\n\n\n          <\/a>\n        <\/li>\n                <li class=\"news-list-wrapper__list__item \">\n          <a href=\"https:\/\/plsk.eu\/sk\/pre-ziadatela\/fond-malych-projektov\/\">\n          <div class=\"card w-100 h-100 poradniki-lista__card \">\n            <div class=\"card-img-top\">\n              <img decoding=\"async\" src=\"https:\/\/plsk.eu\/wp-content\/uploads\/2024\/12\/DSC0260-633x406.jpg\" alt=\"Fond Mal\u00fdch Projektov\" \/>\n            <\/div>\n\n            <div class=\"card-body\">\n\n\n                <h3 class=\"cardTitlePlc1\">Fond Mal\u00fdch Projektov<\/h3>\n\n            <\/div>\n          <\/div>\n\n\n          <\/a>\n        <\/li>\n                <li class=\"news-list-wrapper__list__item \">\n          <a href=\"https:\/\/plsk.eu\/sk\/pre-ziadatela\/odvolacie-konanie\/\">\n          <div class=\"card w-100 h-100 poradniki-lista__card \">\n            <div class=\"card-img-top\">\n              <img decoding=\"async\" src=\"https:\/\/plsk.eu\/wp-content\/uploads\/2024\/12\/Procedura-odwolawcza-633x406.png\" alt=\"Odvolacie konanie\" \/>\n            <\/div>\n\n            <div class=\"card-body\">\n\n\n                <h3 class=\"cardTitlePlc1\">Odvolacie konanie<\/h3>\n\n            <\/div>\n          <\/div>\n\n\n          <\/a>\n        <\/li>\n        \n      <\/ul>\n    <\/div>\n    <div class=\"height_70\"><\/div>\n\n\n    \n  <!-- \/subpage -->\n<\/div>\n\n\n\n\n<p><\/p>\n","protected":false},"excerpt":{"rendered":"","protected":false},"author":22,"featured_media":0,"parent":0,"menu_order":0,"comment_status":"closed","ping_status":"closed","template":"","meta":{"_acf_changed":false,"inline_featured_image":false,"_themeisle_gutenberg_block_has_review":false,"footnotes":"","_links_to":"","_links_to_target":""},"class_list":["post-35538","page","type-page","status-publish","hentry"],"acf":[],"_links":{"self":[{"href":"https:\/\/plsk.eu\/sk\/wp-json\/wp\/v2\/pages\/35538","targetHints":{"allow":["GET"]}}],"collection":[{"href":"https:\/\/plsk.eu\/sk\/wp-json\/wp\/v2\/pages"}],"about":[{"href":"https:\/\/plsk.eu\/sk\/wp-json\/wp\/v2\/types\/page"}],"author":[{"embeddable":true,"href":"https:\/\/plsk.eu\/sk\/wp-json\/wp\/v2\/users\/22"}],"replies":[{"embeddable":true,"href":"https:\/\/plsk.eu\/sk\/wp-json\/wp\/v2\/comments?post=35538"}],"version-history":[{"count":1,"href":"https:\/\/plsk.eu\/sk\/wp-json\/wp\/v2\/pages\/35538\/revisions"}],"predecessor-version":[{"id":35539,"href":"https:\/\/plsk.eu\/sk\/wp-json\/wp\/v2\/pages\/35538\/revisions\/35539"}],"wp:attachment":[{"href":"https:\/\/plsk.eu\/sk\/wp-json\/wp\/v2\/media?parent=35538"}],"curies":[{"name":"wp","href":"https:\/\/api.w.org\/{rel}","templated":true}]}}