{"id":35547,"date":"2024-09-17T10:03:59","date_gmt":"2024-09-17T08:03:59","guid":{"rendered":"https:\/\/plsk.eu\/pre-ziadatela\/system-cst-2021\/"},"modified":"2024-12-19T10:19:17","modified_gmt":"2024-12-19T09:19:17","slug":"predlozenie-ziadosti-o-prispevok","status":"publish","type":"page","link":"https:\/\/plsk.eu\/sk\/pre-ziadatela\/predlozenie-ziadosti-o-prispevok\/","title":{"rendered":"Predlo\u017eenie \u017eiadosti o pr\u00edspevok"},"content":{"rendered":"\n<div class=\"\">\n  <!-- text-hint -->\n\n\n  <div class=\"row \">\n    <div class=\"col-12 col-md-8 col-lg-7\">\n      <p>Podporn\u00fdm syst\u00e9mom realiz\u00e1cie programu je Centr\u00e1lny informa\u010dn\u00fd syst\u00e9m 2021. Za jeho tvorbu, v\u00fdvoj a prev\u00e1dzku zodpoved\u00e1 Riadiaci org\u00e1n.<\/p>\n<p>CST2021 je centr\u00e1lny syst\u00e9m zabezpe\u010duj\u00faci:<\/p>\n<ul>\n<li>spravovanie v\u00fdziev a hodnotenia \u017eiadost\u00ed o poskytnutie finan\u010dn\u00e9ho pr\u00edspevku,<\/li>\n<li>spravovanie projektov od momentu v\u00fdberu projektu na spolufinancovanie, vr\u00e1tane jeho priebe\u017en\u00e9ho z\u00fa\u010dtovania,<\/li>\n<li>kontrolu projektov,<\/li>\n<li>postupy spojen\u00e9 s certifik\u00e1ciou v\u00fddavkov vo vz\u0165ahu k Eur\u00f3pskej komisii.<\/li>\n<\/ul>\n<p>\u017diados\u0165 o pr\u00edspevok sa predklad\u00e1 v aplik\u00e1cii WOD2021 (s\u00fa\u010das\u0165 syst\u00e9mu CST2021) prostredn\u00edctvom internetovej str\u00e1nky: <a href=\"https:\/\/wod.cst2021.gov.pl\/\" rel=\"nofollow noopener\" target=\"_blank\">https:\/\/wod.cst2021.gov.pl\u00a0<\/a><\/p>\n    <\/div>\n\n\n    <div class=\"d-md-block col-md-4 col-lg-3 offset-lg-2\">\n            <div\n        class=\"stickys-info-box stickys-top feux-bg--c-white-bg px-25px py-25px border-12px  mb-30px\">\n        <div class=\"sticky-info-box__icon mb-20px\">\n                              <svg xmlns=\"http:\/\/www.w3.org\/2000\/svg\" width=\"43\" height=\"49\" viewBox=\"0 0 43 49\" fill=\"none\">\r\n<g clip-path=\"url(#clip0_1333_21822)\">\r\n<path d=\"M21.4988 48.0065C21.3688 48.0068 21.2429 47.9623 21.1436 47.8808C21.0442 47.7994 20.9779 47.6864 20.9566 47.562C20.9353 47.4376 20.9603 47.3099 21.0272 47.2017C21.094 47.0935 21.1983 47.0119 21.3215 46.9714L27.9877 44.7825C28.1254 44.7369 28.2762 44.7462 28.4068 44.8083C28.5375 44.8705 28.6373 44.9804 28.6843 45.1139C28.7313 45.2475 28.7218 45.3936 28.6577 45.5203C28.5936 45.647 28.4802 45.7438 28.3425 45.7894L21.6762 47.9783C21.619 47.9968 21.5591 48.0063 21.4988 48.0065Z\" fill=\"#D01F34\"\/>\r\n<path d=\"M14.8465 46.7947C14.7164 46.795 14.5905 46.7504 14.4911 46.669C14.3918 46.5876 14.3256 46.4746 14.3043 46.3502C14.283 46.2258 14.3079 46.0981 14.3748 45.9899C14.4416 45.8817 14.5459 45.8001 14.6691 45.7596L28.0016 41.3567C28.1393 41.3111 28.2901 41.3204 28.4207 41.3825C28.5514 41.4447 28.6511 41.5546 28.6982 41.6882C28.7452 41.8217 28.7357 41.9679 28.6716 42.0945C28.6075 42.2212 28.494 42.318 28.3563 42.3636L15.0239 46.7665C14.9667 46.785 14.9068 46.7945 14.8465 46.7947Z\" fill=\"#D01F34\"\/>\r\n<path d=\"M14.8465 43.3806C14.7164 43.3809 14.5905 43.3364 14.4911 43.255C14.3918 43.1735 14.3256 43.0605 14.3043 42.9361C14.283 42.8117 14.3079 42.684 14.3748 42.5758C14.4416 42.4677 14.5459 42.386 14.6691 42.3455L28.0016 37.9426C28.1393 37.897 28.2901 37.9063 28.4207 37.9685C28.5514 38.0306 28.6511 38.1406 28.6982 38.2741C28.7452 38.4076 28.7357 38.5538 28.6716 38.6805C28.6075 38.8071 28.494 38.9039 28.3563 38.9495L15.0239 43.3525C14.9667 43.3709 14.9068 43.3804 14.8465 43.3806Z\" fill=\"#D01F34\"\/>\r\n<path d=\"M14.844 39.9658C14.7148 39.9639 14.5904 39.9181 14.4924 39.8363C14.3945 39.7546 14.3293 39.6421 14.3082 39.5185C14.2871 39.3949 14.3114 39.268 14.3769 39.16C14.4424 39.052 14.5449 38.9697 14.6666 38.9276L27.9991 34.5247C28.1368 34.479 28.2876 34.4883 28.4182 34.5505C28.5489 34.6127 28.6487 34.7226 28.6957 34.8561C28.7427 34.9897 28.7332 35.1358 28.6691 35.2625C28.605 35.3892 28.4915 35.486 28.3538 35.5316L15.0214 39.9345C14.9648 39.9554 14.9046 39.9661 14.844 39.9658Z\" fill=\"#D01F34\"\/>\r\n<path d=\"M21.5003 48.0085C21.44 48.0083 21.3801 47.9988 21.3229 47.9804L16.1628 46.2727C16.0543 46.2373 15.96 46.1695 15.8934 46.0791C15.8269 45.9887 15.7913 45.8803 15.7919 45.7692V34.9979C15.7874 34.2566 15.6112 33.5258 15.2762 32.8594C14.9413 32.193 14.4562 31.6081 13.8568 31.1479C12.2589 29.9039 11.0101 28.2894 10.2257 26.4535C9.44127 24.6177 9.14657 22.6198 9.3688 20.6444C9.59103 18.6689 10.323 16.7796 11.4971 15.151C12.6713 13.5224 14.2497 12.207 16.0867 11.3263C17.9236 10.4456 19.9598 10.028 22.0071 10.1122C24.0544 10.1963 26.0468 10.7794 27.8003 11.8076C29.5539 12.8358 31.0119 14.276 32.0398 15.9951C33.0677 17.7142 33.6323 19.6567 33.6814 21.6433C33.7379 23.4579 33.3596 25.2603 32.5762 26.909C31.7927 28.5577 30.6255 30.0077 29.1663 31.1448C28.5669 31.6064 28.082 32.1924 27.7471 32.8598C27.4122 33.5272 27.2359 34.2589 27.2312 35.0011V45.7692C27.2318 45.8803 27.1963 45.9887 27.1297 46.0791C27.0632 46.1695 26.9689 46.2373 26.8604 46.2727L21.7002 47.9804C21.636 48.0016 21.5681 48.0112 21.5003 48.0085ZM16.8788 45.3876L21.5003 46.9139L26.1218 45.3876V35.0011C26.1243 34.0989 26.336 33.2088 26.7413 32.3967C27.1466 31.5846 27.7351 30.8713 28.4632 30.3098C30.2475 28.9133 31.5414 27.0147 32.1666 24.8754C32.7917 22.7361 32.7174 20.4615 31.9538 18.3649C31.1903 16.2683 29.775 14.4529 27.9031 13.1688C26.0312 11.8848 23.7948 11.1953 21.5019 11.1953C19.209 11.1953 16.9726 11.8848 15.1007 13.1688C13.2288 14.4529 11.8136 16.2683 11.05 18.3649C10.2864 20.4615 10.2121 22.7361 10.8373 24.8754C11.4624 27.0147 12.7563 28.9133 14.5406 30.3098C15.2685 30.8714 15.8566 31.5847 16.2614 32.3968C16.6662 33.209 16.8772 34.0991 16.8788 35.0011V45.3876Z\" fill=\"#D01F34\"\/>\r\n<path d=\"M27.8895 24.1876C27.7725 24.1873 27.6587 24.1507 27.5647 24.0832C27.4707 24.0156 27.4015 23.9207 27.3671 23.8123L26.5801 21.3732L24.4258 23.9875C24.3721 24.0511 24.3041 24.102 24.2269 24.1361C24.1497 24.1703 24.0655 24.1868 23.9808 24.1845C23.8963 24.1829 23.8134 24.162 23.7388 24.1234C23.6643 24.0848 23.6002 24.0296 23.5518 23.9624L21.4974 21.1762L19.4463 23.9624C19.3972 24.0297 19.3325 24.0848 19.2575 24.1234C19.1824 24.162 19.099 24.1829 19.0141 24.1845C18.9293 24.1868 18.8451 24.1703 18.768 24.1361C18.6908 24.102 18.6228 24.0511 18.5691 23.9875L16.4147 21.3732L15.631 23.8123C15.6098 23.8791 15.5753 23.9411 15.5294 23.9949C15.4835 24.0487 15.4272 24.0932 15.3635 24.1259C15.2999 24.1585 15.2302 24.1787 15.1585 24.1853C15.0868 24.1919 15.0145 24.1847 14.9457 24.1641C14.8768 24.1436 14.8129 24.1101 14.7574 24.0656C14.7019 24.0211 14.6561 23.9664 14.6224 23.9047C14.5887 23.843 14.5678 23.7755 14.561 23.706C14.5543 23.6365 14.5617 23.5664 14.5828 23.4996L15.673 20.1036C15.703 20.0115 15.7581 19.9289 15.8324 19.8645C15.9067 19.8001 15.9976 19.7563 16.0954 19.7378C16.1936 19.7205 16.2948 19.7291 16.3884 19.7627C16.482 19.7962 16.5646 19.8535 16.6276 19.9285L18.9754 22.7742L21.0524 19.9598C21.1025 19.8904 21.1692 19.8338 21.2466 19.7946C21.3241 19.7554 21.41 19.7348 21.4974 19.7346C21.5852 19.7349 21.6717 19.7554 21.7497 19.7946C21.8276 19.8337 21.8949 19.8904 21.9457 19.9598L24.0227 22.7742L26.3705 19.9285C26.4318 19.8489 26.5149 19.7875 26.6104 19.7513C26.7058 19.7151 26.8098 19.7056 26.9106 19.7239C27.0113 19.7421 27.1048 19.7874 27.1803 19.8545C27.2559 19.9216 27.3105 20.0079 27.338 20.1036L28.4313 23.4996C28.4528 23.5664 28.4605 23.6365 28.4539 23.7061C28.4474 23.7758 28.4268 23.8434 28.3932 23.9053C28.3597 23.9672 28.3138 24.022 28.2584 24.0667C28.203 24.1114 28.139 24.145 28.0701 24.1657C28.0115 24.1821 27.9505 24.1895 27.8895 24.1876Z\" fill=\"#D01F34\"\/>\r\n<path d=\"M21.4975 5.66933C21.3518 5.6685 21.2123 5.6118 21.1096 5.51161C21.0069 5.41142 20.9492 5.27588 20.9492 5.1346V0.594103C20.9492 0.453113 21.007 0.317897 21.1098 0.218202C21.2127 0.118507 21.3521 0.0625 21.4975 0.0625C21.6429 0.0625 21.7823 0.118507 21.8852 0.218202C21.988 0.317897 22.0458 0.453113 22.0458 0.594103V5.1346C22.0458 5.27588 21.9881 5.41142 21.8854 5.51161C21.7827 5.6118 21.6432 5.6685 21.4975 5.66933Z\" fill=\"#D01F34\"\/>\r\n<path d=\"M31.6926 8.88258C31.5766 8.88151 31.4639 8.84544 31.3701 8.77938C31.3117 8.7382 31.2623 8.68624 31.2247 8.62651C31.1871 8.56678 31.1621 8.50043 31.151 8.43129C31.14 8.36214 31.1431 8.29156 31.1602 8.22358C31.1773 8.1556 31.2081 8.09156 31.2508 8.03514L34.0017 4.36084C34.0441 4.30417 34.0975 4.25614 34.159 4.2195C34.2205 4.18286 34.2889 4.15832 34.3601 4.14729C34.4314 4.13626 34.5042 4.13894 34.5745 4.15519C34.6447 4.17145 34.7109 4.20095 34.7693 4.24201C34.8278 4.28308 34.8773 4.3349 34.9151 4.39453C34.9529 4.45416 34.9782 4.52041 34.9896 4.58952C35.0009 4.65863 34.9982 4.72924 34.9814 4.79731C34.9647 4.86538 34.9342 4.92958 34.8918 4.98625L32.1377 8.66055C32.087 8.72916 32.0201 8.78508 31.9427 8.82368C31.8653 8.86229 31.7796 8.88248 31.6926 8.88258Z\" fill=\"#D01F34\"\/>\r\n<path d=\"M37.9945 17.29C37.8632 17.2911 37.7359 17.2465 37.6357 17.1644C37.5354 17.0822 37.469 16.9679 37.4483 16.8422C37.4276 16.7165 37.454 16.5878 37.5229 16.4795C37.5918 16.3712 37.6984 16.2904 37.8235 16.2518L42.2806 14.8478C42.3512 14.8184 42.4274 14.8037 42.5042 14.8047C42.5811 14.8058 42.6569 14.8224 42.7267 14.8537C42.7964 14.8849 42.8586 14.93 42.9093 14.9861C42.9599 15.0421 42.9978 15.1079 43.0205 15.1791C43.0432 15.2502 43.0502 15.3253 43.0411 15.3993C43.032 15.4732 43.007 15.5445 42.9677 15.6085C42.9283 15.6725 42.8755 15.7278 42.8127 15.7707C42.7499 15.8137 42.6785 15.8433 42.6031 15.8578L38.1493 17.2618C38.0993 17.2784 38.0472 17.2879 37.9945 17.29Z\" fill=\"#D01F34\"\/>\r\n<path d=\"M42.4489 29.0858C42.3919 29.0867 42.3352 29.0783 42.2812 29.0608L37.8241 27.6568C37.6855 27.6128 37.5707 27.5173 37.5048 27.3912C37.4388 27.2651 37.4272 27.1188 37.4725 26.9845C37.5179 26.8501 37.6164 26.7387 37.7465 26.6748C37.8765 26.6109 38.0274 26.5997 38.166 26.6436L42.6198 28.0477C42.7449 28.0862 42.8515 28.167 42.9204 28.2754C42.9892 28.3837 43.0158 28.5124 42.9951 28.6381C42.9744 28.7637 42.9079 28.878 42.8076 28.9602C42.7074 29.0424 42.5801 29.087 42.4489 29.0858Z\" fill=\"#D01F34\"\/>\r\n<path d=\"M11.297 8.88132C11.2101 8.88047 11.1246 8.85996 11.0473 8.82141C10.9701 8.78286 10.9032 8.72735 10.852 8.65929L8.10099 4.98499C8.01545 4.87096 7.98012 4.72865 8.0028 4.58937C8.02548 4.45009 8.10432 4.32525 8.22193 4.24232C8.33954 4.15938 8.4863 4.12514 8.62995 4.14713C8.77359 4.16912 8.90235 4.24554 8.98789 4.35958L11.742 8.03388C11.8271 8.14849 11.862 8.29106 11.839 8.43049C11.8161 8.56992 11.7372 8.69489 11.6195 8.77812C11.5261 8.84495 11.4131 8.8811 11.297 8.88132Z\" fill=\"#D01F34\"\/>\r\n<path d=\"M5.00336 17.292C4.94623 17.2918 4.88953 17.2823 4.83565 17.2639L0.37857 15.8598C0.309013 15.839 0.24449 15.8049 0.188656 15.7596C0.132821 15.7143 0.0868093 15.6587 0.0533848 15.596C0.0199604 15.5333 -0.000247538 15.4647 -0.00606184 15.3944C-0.0118761 15.324 -0.0031727 15.2532 0.0195278 15.1862C0.0422283 15.1191 0.0784548 15.0571 0.126138 15.0037C0.173821 14.9504 0.231987 14.9068 0.297234 14.8755C0.362482 14.8442 0.433544 14.8258 0.506203 14.8214C0.578863 14.8169 0.651681 14.8266 0.720447 14.8498L5.1743 16.2538C5.29938 16.2924 5.40606 16.3732 5.47492 16.4815C5.54378 16.5899 5.57026 16.7186 5.54956 16.8442C5.52887 16.9699 5.4624 17.0842 5.36217 17.1664C5.26194 17.2485 5.13461 17.2931 5.00336 17.292Z\" fill=\"#D01F34\"\/>\r\n<path d=\"M0.549144 29.0854C0.417898 29.0865 0.290644 29.0419 0.190417 28.9597C0.0901894 28.8776 0.0236338 28.7633 0.00294299 28.6376C-0.0177478 28.5119 0.00880324 28.3832 0.0776647 28.2749C0.146526 28.1665 0.253125 28.0857 0.378205 28.0472L4.83529 26.6431C4.97386 26.5996 5.1246 26.6112 5.25433 26.6754C5.38406 26.7396 5.48217 26.8512 5.52708 26.9855C5.57198 27.1199 5.56 27.266 5.49377 27.3918C5.42754 27.5176 5.3125 27.6128 5.17394 27.6563L0.720083 29.0604C0.664867 29.0776 0.607138 29.086 0.549144 29.0854Z\" fill=\"#D01F34\"\/>\r\n<\/g>\r\n<defs>\r\n<clipPath id=\"clip0_1333_21822\">\r\n<rect width=\"43\" height=\"47.9484\" fill=\"white\" transform=\"translate(0 0.0625)\"\/>\r\n<\/clipPath>\r\n<\/defs>\r\n<\/svg>                  <\/div>\n        <p class=\"sticky-info-box__text text-regular-2 text-16px text-lh-28 mb-0\">\n                <p>Pr\u00e1ca v syst\u00e9me je povinn\u00e1, procesy spojen\u00e9 so spravovan\u00edm v\u00fdziev a vy\u00fa\u010dtovan\u00edm projektov s\u00fa realizovan\u00e9 v\u00fdhradne v CST2021<\/p>\n        <\/p>\n      <\/div>\n      \n      \n\n      \n\n\n    <\/div>\n\n\n\n  <\/div>\n\n  <!-- \/text-hint -->\n<\/div>\n\n\n\n\n<h2 class=\"wp-block-heading\">Ako pracova\u0165 v syst\u00e9me CST2021<\/h2>\n\n\n\n<p>Po\u013esk\u00e9 ministerstvo fondov a region\u00e1lnej politiky pripravilo interakt\u00edvne vzdel\u00e1vacie materi\u00e1ly o syst\u00e9me CST2021.<\/p>\n\n\n\n<p>Materi\u00e1ly s\u00fa k dispoz\u00edcii na tomto odkaze: <a href=\"https:\/\/instrukcje.cst2021.gov.pl\/\" rel=\"nofollow noopener\" target=\"_blank\">kliknite sem<\/a><\/p>\n\n\n\n<h2 class=\"wp-block-heading\">Ako pracova\u0165 v aplik\u00e1cii WOD2021<\/h2>\n\n\n\n<p>Spolo\u010dn\u00fd sekretari\u00e1t pripravil aj vide\u00e1 v po\u013eskom jazyku s titulkami v po\u013eskom a slovenskom jazyku o tom, ako vytvori\u0165 \u017eiados\u0165 o pr\u00edspevok v syst\u00e9me WOD2021.<\/p>\n\n\n\n<ol class=\"wp-block-list\">\n<li><a href=\"https:\/\/www.youtube.com\/watch?v=0uAFMJb5HMM\" rel=\"nofollow noopener\" target=\"_blank\">Kde mo\u017eno h\u013eada\u0165 inform\u00e1cie o WOD2021?<\/a><\/li>\n\n\n\n<li><a href=\"https:\/\/www.youtube.com\/watch?v=Wh0MF_JkdRw&amp;list=PLBxEYOFdf2YybF3lm9WzY13deuP-y5K0x&amp;index=2\" rel=\"nofollow noopener\" target=\"_blank\">Ako vytvori\u0165 nov\u00fa \u017eiados\u0165 opr\u00edspevok?<\/a><\/li>\n\n\n\n<li><a href=\"https:\/\/www.youtube.com\/watch?v=x2vhrcPCXoU&amp;list=PLBxEYOFdf2YybF3lm9WzY13deuP-y5K0x&amp;index=6\" rel=\"nofollow noopener\" target=\"_blank\">Ako vyplni\u0165 z\u00e1lo\u017eku inform\u00e1cie o projekte?<\/a><\/li>\n\n\n\n<li><a href=\"https:\/\/www.youtube.com\/watch?v=Gz9-X9JZvdQ&amp;list=PLBxEYOFdf2YybF3lm9WzY13deuP-y5K0x&amp;index=7&amp;t=7s\" rel=\"nofollow noopener\" target=\"_blank\">Ako vyplni\u0165 z\u00e1lo\u017eku \u017eiadate\u013e a realiz\u00e1tori?<\/a><\/li>\n\n\n\n<li><a href=\"https:\/\/www.youtube.com\/watch?v=87sof8R8IvI&amp;list=PLBxEYOFdf2YybF3lm9WzY13deuP-y5K0x&amp;index=8\" rel=\"nofollow noopener\" target=\"_blank\">Ako vyplni\u0165 kartu ukazovatele projektu?<\/a><\/li>\n\n\n\n<li><a href=\"https:\/\/www.youtube.com\/watch?v=Wl_cHF4x0Dk&amp;list=PLBxEYOFdf2YybF3lm9WzY13deuP-y5K0x&amp;index=3\" rel=\"nofollow noopener\" target=\"_blank\">Ako vyplni\u0165 z\u00e1lo\u017eku \u00falohy projektu?<\/a><\/li>\n\n\n\n<li><a href=\"https:\/\/www.youtube.com\/watch?v=PTK0I2cWg1k&amp;list=PLBxEYOFdf2YybF3lm9WzY13deuP-y5K0x&amp;index=12\" rel=\"nofollow noopener\" target=\"_blank\">Ako vytvori\u0165 rozpo\u010det\u00a0projektu?<\/a><\/li>\n\n\n\n<li><a href=\"https:\/\/www.youtube.com\/watch?v=_FtM5G5trUA&amp;list=PLBxEYOFdf2YybF3lm9WzY13deuP-y5K0x&amp;index=11&amp;t=37s\" rel=\"nofollow noopener\" target=\"_blank\">Ako vyplni\u0165 z\u00e1lo\u017eku Zdroje financovania?<\/a><\/li>\n\n\n\n<li><a href=\"https:\/\/www.youtube.com\/watch?v=jgEqKS8wbsk&amp;list=PLBxEYOFdf2YybF3lm9WzY13deuP-y5K0x&amp;index=4\" rel=\"nofollow noopener\" target=\"_blank\">Ako vyplni\u0165 z\u00e1lo\u017eku Anal\u00fdza riz\u00edk?<\/a><\/li>\n\n\n\n<li><a href=\"https:\/\/www.youtube.com\/watch?v=0mRbZqyOoLY\" rel=\"nofollow noopener\" target=\"_blank\">Ako vyplni\u0165 z\u00e1lo\u017eku Doplnkov\u00e9 inform\u00e1cie?\u00a0<\/a><\/li>\n\n\n\n<li><a href=\"https:\/\/www.youtube.com\/watch?v=QiO17qHWSDs\" rel=\"nofollow noopener\" target=\"_blank\">Ako vyplni\u0165 z\u00e1lo\u017eku Pr\u00edlohy?<\/a><\/li>\n\n\n\n<li><a href=\"https:\/\/www.youtube.com\/watch?v=zC1qR7d4wY0\" rel=\"nofollow noopener\" target=\"_blank\">Odoslanie \u017eiadosti o pr\u00edspevok<\/a><\/li>\n<\/ol>\n\n\n\n<div style=\"height:2rem\" aria-hidden=\"true\" class=\"wp-block-spacer\"><\/div>\n\n\n<div id=\"subpages-block_e313a6c9ad101e8b9ac1804d6cd2b136\"\n  class=\"subpages-block \">\n  <!-- subpage -->\n\n  \n\n    <div class=\"py-4 py-lg-5  overflow-hidden\">\n      <div class=\"  d-flex justify-content-between align-items-start\">\n        <header class=\"title__border-bottom--orange2  mb-70px\">\n          <h2 class=\"title-h3 \" tabindex=\"0\" aria-label=\"Pozrite si ostatn\u00fdch\">Pozrite si ostatn\u00fdch<\/h2>\n        <\/header>\n        <div class=\"swiper-navigation\">\n          <div class=\"swiper-button-prev swiper-poznaj-programy-prev\"> <\/div>\n          <div class=\"swiper-button-next swiper-poznaj-programy-next\"> <\/div>\n        <\/div>\n      <\/div>\n\n\n      <div class=\" \">\n        <div class=\"swiper swiper-transparent-edge-slides poradniki-lista-swiper poradniki-swiper__poznaj-programy\">\n          <div class=\"swiper-wrapper align-items-stretch\">\n\n                        <div class=\"swiper-slide news-list-wrapper__list__item\">\n\n              <a href=\"https:\/\/plsk.eu\/sk\/pre-ziadatela\/harmonogram-naboru\/\" class=\"w-100\">\n                <div class=\"card w-100 h-100 poradniki-lista__card \">\n                  <div class=\"card-img-top\">\n                    <img decoding=\"async\" src=\"https:\/\/plsk.eu\/wp-content\/uploads\/2024\/12\/Harmonogram-naborow-633x406.png\" alt=\"Harmonogram v\u00fdziev\" \/>\n                  <\/div>\n\n                  <div class=\"card-body\">\n                    <h3 class=\"cardTitlePlc1\">Harmonogram v\u00fdziev<\/h3>\n                  <\/div>\n                <\/div>\n              <\/a>\n            <\/div>\n                        <div class=\"swiper-slide news-list-wrapper__list__item\">\n\n              <a href=\"https:\/\/plsk.eu\/sk\/pre-ziadatela\/hladanie-partnerov\/\" class=\"w-100\">\n                <div class=\"card w-100 h-100 poradniki-lista__card \">\n                  <div class=\"card-img-top\">\n                    <img decoding=\"async\" src=\"https:\/\/plsk.eu\/wp-content\/uploads\/2024\/09\/22-633x406.png\" alt=\"H\u013eadanie partnerov\" \/>\n                  <\/div>\n\n                  <div class=\"card-body\">\n                    <h3 class=\"cardTitlePlc1\">H\u013eadanie partnerov<\/h3>\n                  <\/div>\n                <\/div>\n              <\/a>\n            <\/div>\n                        <div class=\"swiper-slide news-list-wrapper__list__item\">\n\n              <a href=\"https:\/\/plsk.eu\/sk\/pre-ziadatela\/faq-najcastejsie-otazky\/\" class=\"w-100\">\n                <div class=\"card w-100 h-100 poradniki-lista__card \">\n                  <div class=\"card-img-top\">\n                    <img decoding=\"async\" src=\"https:\/\/plsk.eu\/wp-content\/uploads\/2024\/12\/QA-633x406.png\" alt=\"Ot\u00e1zky a odpovede\" \/>\n                  <\/div>\n\n                  <div class=\"card-body\">\n                    <h3 class=\"cardTitlePlc1\">Ot\u00e1zky a odpovede<\/h3>\n                  <\/div>\n                <\/div>\n              <\/a>\n            <\/div>\n                        <div class=\"swiper-slide news-list-wrapper__list__item\">\n\n              <a href=\"https:\/\/plsk.eu\/sk\/pre-ziadatela\/statna-pomoc\/\" class=\"w-100\">\n                <div class=\"card w-100 h-100 poradniki-lista__card \">\n                  <div class=\"card-img-top\">\n                    <img decoding=\"async\" src=\"https:\/\/plsk.eu\/wp-content\/uploads\/2024\/12\/Pomoc-publiczna-633x406.png\" alt=\"\u0160t\u00e1tna pomoc\" \/>\n                  <\/div>\n\n                  <div class=\"card-body\">\n                    <h3 class=\"cardTitlePlc1\">\u0160t\u00e1tna pomoc<\/h3>\n                  <\/div>\n                <\/div>\n              <\/a>\n            <\/div>\n                        <div class=\"swiper-slide news-list-wrapper__list__item\">\n\n              <a href=\"https:\/\/plsk.eu\/sk\/pre-ziadatela\/participacia\/\" class=\"w-100\">\n                <div class=\"card w-100 h-100 poradniki-lista__card \">\n                  <div class=\"card-img-top\">\n                    <img decoding=\"async\" src=\"https:\/\/plsk.eu\/wp-content\/uploads\/2024\/11\/partycypacja-633x406.jpg\" alt=\"Particip\u00e1cia\" \/>\n                  <\/div>\n\n                  <div class=\"card-body\">\n                    <h3 class=\"cardTitlePlc1\">Particip\u00e1cia<\/h3>\n                  <\/div>\n                <\/div>\n              <\/a>\n            <\/div>\n                        <div class=\"swiper-slide news-list-wrapper__list__item\">\n\n              <a href=\"https:\/\/plsk.eu\/sk\/pre-ziadatela\/fond-malych-projektov\/\" class=\"w-100\">\n                <div class=\"card w-100 h-100 poradniki-lista__card \">\n                  <div class=\"card-img-top\">\n                    <img decoding=\"async\" src=\"https:\/\/plsk.eu\/wp-content\/uploads\/2024\/12\/DSC0260-633x406.jpg\" alt=\"Fond Mal\u00fdch Projektov\" \/>\n                  <\/div>\n\n                  <div class=\"card-body\">\n                    <h3 class=\"cardTitlePlc1\">Fond Mal\u00fdch Projektov<\/h3>\n                  <\/div>\n                <\/div>\n              <\/a>\n            <\/div>\n                        <div class=\"swiper-slide news-list-wrapper__list__item\">\n\n              <a href=\"https:\/\/plsk.eu\/sk\/pre-ziadatela\/odvolacie-konanie\/\" class=\"w-100\">\n                <div class=\"card w-100 h-100 poradniki-lista__card \">\n                  <div class=\"card-img-top\">\n                    <img decoding=\"async\" src=\"https:\/\/plsk.eu\/wp-content\/uploads\/2024\/12\/Procedura-odwolawcza-633x406.png\" alt=\"Odvolacie konanie\" \/>\n                  <\/div>\n\n                  <div class=\"card-body\">\n                    <h3 class=\"cardTitlePlc1\">Odvolacie konanie<\/h3>\n                  <\/div>\n                <\/div>\n              <\/a>\n            <\/div>\n            \n          <\/div>\n\n        <\/div>\n      <\/div>\n    <\/div>\n\n\n\n    <div class=\"height_70\"><\/div>\n\n\n    \n  <!-- \/subpage -->\n<\/div>\n\n","protected":false},"excerpt":{"rendered":"<p>Ako pracova\u0165 v syst\u00e9me CST2021 Po\u013esk\u00e9 ministerstvo fondov a region\u00e1lnej politiky pripravilo interakt\u00edvne vzdel\u00e1vacie materi\u00e1ly o syst\u00e9me CST2021. Materi\u00e1ly s\u00fa k dispoz\u00edcii na tomto odkaze: kliknite sem Ako pracova\u0165 v aplik\u00e1cii WOD2021 Spolo\u010dn\u00fd sekretari\u00e1t pripravil aj vide\u00e1 v po\u013eskom jazyku s titulkami v po\u013eskom a slovenskom jazyku o tom, ako vytvori\u0165 \u017eiados\u0165 o pr\u00edspevok v [&hellip;]<\/p>\n","protected":false},"author":18,"featured_media":38508,"parent":35538,"menu_order":0,"comment_status":"closed","ping_status":"closed","template":"","meta":{"_acf_changed":false,"inline_featured_image":false,"_themeisle_gutenberg_block_has_review":false,"footnotes":"","_links_to":"","_links_to_target":""},"class_list":["post-35547","page","type-page","status-publish","has-post-thumbnail","hentry"],"acf":[],"_links":{"self":[{"href":"https:\/\/plsk.eu\/sk\/wp-json\/wp\/v2\/pages\/35547","targetHints":{"allow":["GET"]}}],"collection":[{"href":"https:\/\/plsk.eu\/sk\/wp-json\/wp\/v2\/pages"}],"about":[{"href":"https:\/\/plsk.eu\/sk\/wp-json\/wp\/v2\/types\/page"}],"author":[{"embeddable":true,"href":"https:\/\/plsk.eu\/sk\/wp-json\/wp\/v2\/users\/18"}],"replies":[{"embeddable":true,"href":"https:\/\/plsk.eu\/sk\/wp-json\/wp\/v2\/comments?post=35547"}],"version-history":[{"count":9,"href":"https:\/\/plsk.eu\/sk\/wp-json\/wp\/v2\/pages\/35547\/revisions"}],"predecessor-version":[{"id":38509,"href":"https:\/\/plsk.eu\/sk\/wp-json\/wp\/v2\/pages\/35547\/revisions\/38509"}],"up":[{"embeddable":true,"href":"https:\/\/plsk.eu\/sk\/wp-json\/wp\/v2\/pages\/35538"}],"wp:featuredmedia":[{"embeddable":true,"href":"https:\/\/plsk.eu\/sk\/wp-json\/wp\/v2\/media\/38508"}],"wp:attachment":[{"href":"https:\/\/plsk.eu\/sk\/wp-json\/wp\/v2\/media?parent=35547"}],"curies":[{"name":"wp","href":"https:\/\/api.w.org\/{rel}","templated":true}]}}