{"id":35673,"date":"2024-10-22T13:34:46","date_gmt":"2024-10-22T11:34:46","guid":{"rendered":"https:\/\/plsk.eu\/platforma-dla-czlonkow-komitetu-monitorujacego\/"},"modified":"2025-03-11T14:57:39","modified_gmt":"2025-03-11T13:57:39","slug":"platforma-pre-clenov-monitorovacieho-vyboru","status":"publish","type":"page","link":"https:\/\/plsk.eu\/sk\/platforma-pre-clenov-monitorovacieho-vyboru\/","title":{"rendered":"Platforma pre \u010dlenov monitorovacieho v\u00fdboru"},"content":{"rendered":"\n<div class=\"wp-block-group\"><div class=\"wp-block-group__inner-container is-layout-constrained wp-block-group-is-layout-constrained\">\n<h2 class=\"wp-block-heading\">Obsah dostupn\u00fd po prihl\u00e1sen\u00ed<\/h2>\n\n\n\n<p>T\u00e1to \u010das\u0165 webovej str\u00e1nky je dostupn\u00e1 len pre \u010dlenov Monitorovacieho v\u00fdboru programu Interreg Po\u013esko-Slovensko 2021-2027 a vy\u017eaduje prihl\u00e1senie cez prihlasovac\u00ed panel.<\/p>\n\n\n\n<div style=\"height:40px\" aria-hidden=\"true\" class=\"wp-block-spacer\"><\/div>\n<\/div><\/div>\n\n\n<div class=\"logged-out cpe-custom-login-btn wp-block-loginout\"><a rel=\"nofollow\" href=\"https:\/\/plsk.eu\/wp-login.php?redirect_to=https%3A%2F%2Fplsk.eu%2Fsk%2Fwp-json%2Fwp%2Fv2%2Fpages%2F35673\">Prihl\u00e1si\u0165 sa<\/a><\/div>\n\n<div class=\"wpfd-content wpfd-content-cpetheme wpfd-content-multi\" data-category=\"1973\"             style=\"background-color: rgba(255, 255, 255, 0)\"><input type=\"hidden\" id=\"current_category_1973\" value=\"1973\" \/>                    <input type=\"hidden\" id=\"current_category_slug_1973\" value=\"dokumenty-sk\" \/>                    <input type=\"hidden\" id=\"current_ordering_1973\" value=\"created_time\" \/>                    <input type=\"hidden\" id=\"current_ordering_direction_1973\" value=\"asc\" \/>                    <input type=\"hidden\" id=\"page_limit_1973\" value=\"20\" \/>                        <form action=\"\" id=\"adminForm-1973\" class=\"wpfd-adminForm wpfd-form-search-file-category\" name=\"adminForm\" method=\"post\">                <div id=\"loader\" style=\"display:none; text-align: center\">                    <img decoding=\"async\" src=\"https:\/\/plsk.eu\/wp-content\/plugins\/wp-file-download\/\/app\/site\/assets\/images\/searchloader.svg\" style=\"margin: 0 auto\"\/>                <\/div>                <div class=\"box-search-filter wpfd-category-search-section\">                    <div class=\"searchSection\">                        <div class=\"only-file input-group clearfix wpfd_search_input\" id=\"Search_container\">                            <img decoding=\"async\" src=\"https:\/\/plsk.eu\/wp-content\/plugins\/wp-file-download\/\/app\/site\/assets\/images\/search-24.svg\" class=\"material-icons wpfd-icon-search wpfd-search-file-category-icon\" \/>                            <input type=\"text\" class=\"pull-left required txtfilename\" name=\"q\" id=\"txtfilename\" autocomplete=\"off\" placeholder=\"H\u013eada\u0165 s\u00fabory...\" value=\"\" \/>                        <\/div>                        <button id=\"btnsearchbelow\" class=\"btnsearchbelow wpfd-btnsearchbelow\" type=\"button\">H\u013eada\u0165<\/button>                    <\/div>                    <input type=\"hidden\" id=\"filter_catid\" class=\"chzn-select filter_catid\" name=\"catid\" value=\"1973\" data-cattype=\"\" data-slug=\"\" \/>                    <input type=\"hidden\" name=\"theme\" value=\"cpetheme\">                    <input type=\"hidden\" name=\"limit\" value=\"20\">                    <div id=\"wpfd-results\" class=\"wpfd-results list-results\"><\/div>                <\/div>            <\/form>        <input type=\"hidden\" id=\"wpfd_display_empty_category_message\" value=\"0\" \/><input type=\"hidden\" id=\"wpfd_empty_category_message_val\" value=\"This file category has no files to display\" \/><input type=\"hidden\" id=\"wpfd_display_empty_folder\" value=\"1\" \/><input type=\"hidden\" id=\"wpfd_is_empty_subcategories\" value=\"1\" \/><input type=\"hidden\" id=\"wpfd_is_empty_files\" value=\"1\" \/><input type=\"hidden\" id=\"wpfd_root_category_id\" class=\"wpfd_root_category_id\" value=\"1973\" \/><input type=\"hidden\" id=\"wpfd_root_category_theme\" class=\"wpfd_root_category_theme\" value=\"cpetheme\" \/><input type=\"hidden\" id=\"wpfd_root_category_clone_theme_type\" class=\"wpfd_root_category_clone_theme_type\" value=\"default\" \/><input type=\"hidden\" id=\"wpfd_root_category_type\" class=\"wpfd_root_category_type\" value=\"1973\" \/><input type=\"hidden\" id=\"wpfd_root_category_display_file_search\" class=\"wpfd_root_category_display_file_search\" value=\"1\" \/>    <script type=\"text\/x-handlebars-template\" class=\"wpfd-template-categories\">        <div class=\"wpfd-categories \">{{#if category}}{{#with category}}{{#if parent}}<a class=\"catlink backcategory\" href=\"#\" data-idcat=\"{{parent}}\">                        <i class=\"zmdi zmdi-chevron-left\"><\/i><span>Predch\u00e1dzaj\u00faci katal\u00f3g<\/span><\/a>{{\/if}}{{\/with}}{{\/if}}{{#if category.desc}}<div class=\"wpfd-category-desc\">{{category.desc}}<\/div>{{\/if}}{{#if categories}}{{#each categories}}<a class=\"wpfdcategory catlink \" style=\"margin : 10px 10px 10px 10px;\" href=\"#\" data-idcat=\"{{termID}}\" title=\"{{name}}\">                                <span>{{name}}<\/span><i class=\"zmdi zmdi-folder wpfd-folder\" style=\"color: {{color}}\"><\/i>                            <\/a>{{\/each}}{{\/if}}<div class=\"wpfdcategory_placeholder\" style=\"margin : 0 10px 0 10px;\"><\/div><div class=\"wpfdcategory_placeholder\" style=\"margin : 0 10px 0 10px;\"><\/div><div class=\"wpfdcategory_placeholder\" style=\"margin : 0 10px 0 10px;\"><\/div><\/div>    <\/script>    <script type=\"text\/x-handlebars-template\" class=\"wpfd-template-files\">        {{#if files }}        <div class=\"wpfd_list\">            {{#each files}}            <div class=\"file {{ext}}\" style=\"margin : 10px 10px 10px 10px;\" data-id=\"{{ID}}\" data-catid=\"{{catid}}\">                <input type=\"hidden\" class=\"wpfd_file_preview_link_download\" value=\"{{linkdownload}}\" data-filetitle=\"{{post_title}}\" data-fileicons=\"ext ext-{{ext}} wpfd-icon-set-svg\" \/>                <div class=\"filecontent\">                    {{#if file_custom_icon}}                    <div class=\"icon-custom\"><img decoding=\"async\" src=\"{{file_custom_icon}}\" \/><\/div>                    {{else}}                    <div class=\"ext ext-{{ext}} wpfd-icon-set-svg\"><span class=\"txt\">{{ext}}<\/span><\/div>                    {{\/if}}<h3><a href=\"{{linkdownload}}\"  rel=\"nofollow\"   class=\"wpfd_downloadlink\" title=\"{{post_title}}\" target=\"{{#if remote_file}}_blank{{\/if}}\">{{{crop_title}}}<\/a><\/h3>                    <div class=\"file-xinfo\">                        {{#if description}}<div class=\"file-desc\">{{{description}}}<\/div>{{\/if}}{{#if versionNumber}}<div class=\"file-version\"><span>Version:<\/span> {{versionNumber}}<\/div>{{\/if}}<div class=\"file-size\"><span>Ve\u013ekos\u0165:<\/span> {{bytesToSize size}}<\/div><div class=\"file-hits\"><span>Stiahnut\u00e9:<\/span> {{hits}}<\/div><div class=\"file-dated\"><span>D\u00e1tum pridania:<\/span> {{created}}<\/div>                    <\/div>                <\/div>                <span class=\"file-right\">                                    <\/span>            <\/div>            {{\/each}}            <div class=\"file flex_span\" style=\"margin : 10px 10px 10px 10px;\"><\/div>        <\/div>        {{\/if}}    <\/script>    <div class=\"wpfd-container show_subcategories folder-tree-left\">        <div class=\"wpfd-foldertree wpfd-foldertree-cpetheme foldertree-hide\"><\/div>        <div class=\"wpfd-open-tree\"><\/div>        <div class=\"wpfd-container-cpetheme  with_foldertree\">            <div class=\"wpfd-categories \"><div class=\"wpfd-category-desc\"><\/div><a class=\"wpfdcategory catlink\" style=\"margin : 10px 10px 10px 10px;\" href=\"#\"                                   data-idcat=\"1987\"                                   title=\"Zasadnutia MV 21-27\">                                    <span>Zasadnutia MV 21-27<\/span>                                    <i class=\"zmdi zmdi-folder wpfd-folder\" style=\"color: #7bd148\"><\/i>                                <\/a><a class=\"wpfdcategory catlink\" style=\"margin : 10px 10px 10px 10px;\" href=\"#\"                                   data-idcat=\"2504\"                                   title=\"PER ROLLAM\">                                    <span>PER ROLLAM<\/span>                                    <i class=\"zmdi zmdi-folder wpfd-folder\" style=\"color: #fad165\"><\/i>                                <\/a><a class=\"wpfdcategory catlink\" style=\"margin : 10px 10px 10px 10px;\" href=\"#\"                                   data-idcat=\"2545\"                                   title=\"Ro\u010dn\u00e9 pl\u00e1n\u00fd informa\u010dno-propa\u010dn\u00fdch aktiv\u00edt\">                                    <span>Ro\u010dn\u00e9 pl\u00e1n\u00fd informa\u010dno-propa\u010dn\u00fdch aktiv\u00edt<\/span>                                    <i class=\"zmdi zmdi-folder wpfd-folder\" style=\"color: #9a9cff\"><\/i>                                <\/a><div class=\"wpfdcategory_placeholder\" style=\"margin : 0 10px 0 10px;\"><\/div><div class=\"wpfdcategory_placeholder\" style=\"margin : 0 10px 0 10px;\"><\/div><div class=\"wpfdcategory_placeholder\" style=\"margin : 0 10px 0 10px;\"><\/div><input type=\"hidden\" id=\"wpfd_subcategories_hover_color\" class=\"wpfd_subcategories_hover_color\" value=\"\" \/><\/div>                                <\/div>    <\/div><\/div>\n","protected":false},"excerpt":{"rendered":"<p>Obsah dostupn\u00fd po prihl\u00e1sen\u00ed T\u00e1to \u010das\u0165 webovej str\u00e1nky je dostupn\u00e1 len pre \u010dlenov Monitorovacieho v\u00fdboru programu Interreg Po\u013esko-Slovensko 2021-2027 a vy\u017eaduje prihl\u00e1senie cez prihlasovac\u00ed panel.<\/p>\n","protected":false},"author":18,"featured_media":0,"parent":0,"menu_order":0,"comment_status":"closed","ping_status":"closed","template":"","meta":{"_acf_changed":false,"inline_featured_image":false,"_themeisle_gutenberg_block_has_review":false,"footnotes":"","_links_to":"","_links_to_target":""},"class_list":["post-35673","page","type-page","status-publish","hentry"],"acf":[],"_links":{"self":[{"href":"https:\/\/plsk.eu\/sk\/wp-json\/wp\/v2\/pages\/35673","targetHints":{"allow":["GET"]}}],"collection":[{"href":"https:\/\/plsk.eu\/sk\/wp-json\/wp\/v2\/pages"}],"about":[{"href":"https:\/\/plsk.eu\/sk\/wp-json\/wp\/v2\/types\/page"}],"author":[{"embeddable":true,"href":"https:\/\/plsk.eu\/sk\/wp-json\/wp\/v2\/users\/18"}],"replies":[{"embeddable":true,"href":"https:\/\/plsk.eu\/sk\/wp-json\/wp\/v2\/comments?post=35673"}],"version-history":[{"count":4,"href":"https:\/\/plsk.eu\/sk\/wp-json\/wp\/v2\/pages\/35673\/revisions"}],"predecessor-version":[{"id":39693,"href":"https:\/\/plsk.eu\/sk\/wp-json\/wp\/v2\/pages\/35673\/revisions\/39693"}],"wp:attachment":[{"href":"https:\/\/plsk.eu\/sk\/wp-json\/wp\/v2\/media?parent=35673"}],"curies":[{"name":"wp","href":"https:\/\/api.w.org\/{rel}","templated":true}]}}