{"id":35732,"date":"2024-09-02T10:20:52","date_gmt":"2024-09-02T08:20:52","guid":{"rendered":"https:\/\/plsk.eu\/szukaj-partnerow\/"},"modified":"2024-12-19T15:10:11","modified_gmt":"2024-12-19T14:10:11","slug":"hladajte-partnerov","status":"publish","type":"page","link":"https:\/\/plsk.eu\/sk\/hladajte-partnerov\/","title":{"rendered":"H\u013eadajte partnerov"},"content":{"rendered":"\n<h2 class=\"wp-block-heading\">V\u00e1\u017een\u00ed \u017eiadatelia,<\/h2>\n\n\n\n<p>Poz\u00fdvame v\u00e1s na h\u013eadanie partnerov pomocou na\u0161ej internetovej str\u00e1nky! Ak h\u013ead\u00e1te projektov\u00e9ho partnera, m\u00e1te mo\u017enos\u0165 pou\u017ei\u0165 formul\u00e1r, kde m\u00f4\u017eete predstavi\u0165 svoju projektov\u00fa koncepciu. Uverejn\u00edme ho na tejto str\u00e1nke. Vypl\u0148te ho v dvoch jazykoch! Okrem toho m\u00f4\u017eete po\u017eiada\u0165 o podporu RKB &#8211; obr\u00e1\u0165te sa na pracovisko vo svojom vojvodstve\/kraji. Chcete vidie\u0165 zverejnen\u00e9 iniciat\u00edvy alebo zoznam partnerov ochotn\u00fdch spolupracova\u0165? Kliknite ni\u017e\u0161ie!<\/p>\n\n\n\n<div style=\"height:32px\" aria-hidden=\"true\" class=\"wp-block-spacer\"><\/div>\n\n\n\n<h2 class=\"wp-block-heading\">Vypl\u0148te formul\u00e1r<\/h2>\n\n\n\n<div class=\"wp-block-columns ticss-d92cbccd is-layout-flex wp-container-core-columns-is-layout-9d6595d7 wp-block-columns-is-layout-flex\">\n<div class=\"wp-block-column ticss-b7c6b4b2 has-white-background-color has-background is-layout-flow wp-block-column-is-layout-flow\">\n<h3 class=\"wp-block-heading\">M\u00e1m n\u00e1pad na projekt<\/h3>\n\n\n\n<p>H\u013ead\u00e1m partnera na realiz\u00e1ciu<\/p>\n\n\n\n<div style=\"height:16px\" aria-hidden=\"true\" class=\"wp-block-spacer\"><\/div>\n\n\n\n<p><a href=\"https:\/\/plsk.eu\/szukaj-partnerow\/formularz-zglaszania-koncepcji-projektu\/\" data-type=\"link\" data-id=\"https:\/\/plsk.eu\/rejestracja-partnera\/\">Prejdite na formul\u00e1r \u2192<\/a><\/p>\n<\/div>\n\n\n\n<div class=\"wp-block-column ticss-a375dca0 has-white-background-color has-background is-layout-flow wp-block-column-is-layout-flow\">\n<h3 class=\"wp-block-heading\">Nem\u00e1m n\u00e1pad na projekt<\/h3>\n\n\n\n<p>H\u013ead\u00e1m projekt, do ktor\u00e9ho by som sa zapojil<\/p>\n\n\n\n<div style=\"height:16px\" aria-hidden=\"true\" class=\"wp-block-spacer\"><\/div>\n\n\n\n<p><a href=\"https:\/\/plsk.eu\/szukaj-partnerow\/formularz-dodawania-partnerow\/\" data-type=\"link\" data-id=\"https:\/\/plsk.eu\/rejestracja-partnera\/\">Prejdite na formul\u00e1r \u2192<\/a><\/p>\n<\/div>\n<\/div>\n\n\n\n<div style=\"height:32px\" aria-hidden=\"true\" class=\"wp-block-spacer\"><\/div>\n\n\n\n<h2 class=\"wp-block-heading\">Pozrite si prihl\u00e1sen\u00e9 projekty<\/h2>\n\n\n\n<div class=\"wp-block-columns ticss-d92cbccd is-layout-flex wp-container-core-columns-is-layout-9d6595d7 wp-block-columns-is-layout-flex\">\n<div class=\"wp-block-column ticss-b7c6b4b2 has-white-background-color has-background is-layout-flow wp-block-column-is-layout-flow\">\n<p><a href=\"https:\/\/plsk.eu\/sk\/hladajte-partnerov\/wyszukiwarka-partnerow\/\">Zobrazi\u0165 nahl\u00e1sen\u00fdch partnerov <a href=\"https:\/\/plsk.eu\/szukaj-partnerow\/formularz-zglaszania-koncepcji-projektu\/\" data-type=\"link\" data-id=\"https:\/\/plsk.eu\/rejestracja-partnera\/\"> \u2192<\/a><\/a><\/p>\n<\/div>\n\n\n\n<div class=\"wp-block-column ticss-a375dca0 has-white-background-color has-background is-layout-flow wp-block-column-is-layout-flow\">\n<p><a href=\"https:\/\/plsk.eu\/sk\/hladajte-partnerov\/pridane-projekty\/\">Pozrite si pridan\u00e9 n\u00e1pady na projekty <a href=\"https:\/\/plsk.eu\/szukaj-partnerow\/formularz-zglaszania-koncepcji-projektu\/\" data-type=\"link\" data-id=\"https:\/\/plsk.eu\/rejestracja-partnera\/\"> \u2192<\/a><\/a><\/p>\n<\/div>\n<\/div>\n\n\n\n<p><\/p>\n","protected":false},"excerpt":{"rendered":"<p>V\u00e1\u017een\u00ed \u017eiadatelia, Poz\u00fdvame v\u00e1s na h\u013eadanie partnerov pomocou na\u0161ej internetovej str\u00e1nky! Ak h\u013ead\u00e1te projektov\u00e9ho partnera, m\u00e1te mo\u017enos\u0165 pou\u017ei\u0165 formul\u00e1r, kde m\u00f4\u017eete predstavi\u0165 svoju projektov\u00fa koncepciu. Uverejn\u00edme ho na tejto str\u00e1nke. Vypl\u0148te ho v dvoch jazykoch! Okrem toho m\u00f4\u017eete po\u017eiada\u0165 o podporu RKB &#8211; obr\u00e1\u0165te sa na pracovisko vo svojom vojvodstve\/kraji. Chcete vidie\u0165 zverejnen\u00e9 iniciat\u00edvy alebo [&hellip;]<\/p>\n","protected":false},"author":22,"featured_media":0,"parent":0,"menu_order":0,"comment_status":"closed","ping_status":"closed","template":"","meta":{"_acf_changed":false,"inline_featured_image":false,"_themeisle_gutenberg_block_has_review":false,"footnotes":"","_links_to":"","_links_to_target":""},"class_list":["post-35732","page","type-page","status-publish","hentry"],"acf":[],"_links":{"self":[{"href":"https:\/\/plsk.eu\/sk\/wp-json\/wp\/v2\/pages\/35732","targetHints":{"allow":["GET"]}}],"collection":[{"href":"https:\/\/plsk.eu\/sk\/wp-json\/wp\/v2\/pages"}],"about":[{"href":"https:\/\/plsk.eu\/sk\/wp-json\/wp\/v2\/types\/page"}],"author":[{"embeddable":true,"href":"https:\/\/plsk.eu\/sk\/wp-json\/wp\/v2\/users\/22"}],"replies":[{"embeddable":true,"href":"https:\/\/plsk.eu\/sk\/wp-json\/wp\/v2\/comments?post=35732"}],"version-history":[{"count":3,"href":"https:\/\/plsk.eu\/sk\/wp-json\/wp\/v2\/pages\/35732\/revisions"}],"predecessor-version":[{"id":38526,"href":"https:\/\/plsk.eu\/sk\/wp-json\/wp\/v2\/pages\/35732\/revisions\/38526"}],"wp:attachment":[{"href":"https:\/\/plsk.eu\/sk\/wp-json\/wp\/v2\/media?parent=35732"}],"curies":[{"name":"wp","href":"https:\/\/api.w.org\/{rel}","templated":true}]}}