{"id":35928,"date":"2023-04-13T09:20:28","date_gmt":"2023-04-13T07:20:28","guid":{"rendered":"https:\/\/plsk.eu\/skontaktuj-sie\/"},"modified":"2025-01-07T10:15:01","modified_gmt":"2025-01-07T09:15:01","slug":"ozvite-sa","status":"publish","type":"page","link":"https:\/\/plsk.eu\/sk\/ozvite-sa\/","title":{"rendered":"Kontaktujte n\u00e1s"},"content":{"rendered":"\n<div class=\"wp-block-columns cpe-block__qa-cta is-layout-flex wp-container-core-columns-is-layout-9d6595d7 wp-block-columns-is-layout-flex\">\n<div class=\"wp-block-column is-layout-flow wp-block-column-is-layout-flow\" style=\"flex-basis:15%\">\n<figure class=\"wp-block-image size-large\"><img loading=\"lazy\" decoding=\"async\" width=\"81\" height=\"80\" src=\"https:\/\/plsk.eu\/wp-content\/uploads\/2024\/11\/qa-ico-127901.svg\" alt=\"\" class=\"wp-image-35485\" style=\"object-fit:cover\"\/><\/figure>\n<\/div>\n\n\n\n<div class=\"wp-block-column is-layout-flow wp-block-column-is-layout-flow\">\n<h2 class=\"wp-block-heading has-text-color has-link-color wp-elements-e9ff7c3cb0e74190a3602bce0016c19d\" style=\"color:#003399\">M\u00e1te ot\u00e1zku oh\u013eadom aktu\u00e1lnych n\u00e1borov\u00fdch procesov?<br>Skontrolujte odpovede na naj\u010dastej\u0161ie ot\u00e1zky:<\/h2>\n\n\n\n<p class=\"has-text-color has-link-color wp-elements-c2214049283ed5b1e1383037aceab5d5\" style=\"color:#003399\"><a href=\"https:\/\/plsk.eu\/sk\/pre-ziadatela\/faq-najcastejsie-otazky\/\">ZOZNAM OT\u00c1ZOK A ODPOVED\u00cd<\/a><\/p>\n<\/div>\n<\/div>\n\n\n\n<section class=\"contact-menu-wrapper\">\n  <!--<h2 id=\"contact_fe\" class=\"h2 bottom-spacer bottom-spacer--green\">\n    Ozvite sa  <\/h2>-->\n\n  <nav>\n    <ul class=\"list-unstyled contact-menu-wrapper__list\">\n      \n      <li id=\"information-points-37639\"\n        class=\"contact-menu-wrapper__list__item \">\n        <div class=\"contact-menu-wrapper__list__item__icon\">\n          <svg width=\"39\" height=\"34\" viewBox=\"0 0 39 34\" fill=\"none\" xmlns=\"http:\/\/www.w3.org\/2000\/svg\">\r\n<path d=\"M23.0742 10.4104L12.3281 3.83414L7.63447 11.495L18.3806 18.0713L23.0742 10.4104Z\" stroke=\"#003399\" stroke-width=\"1.24229\" stroke-linecap=\"round\" stroke-linejoin=\"round\"\/>\r\n<path d=\"M12.7301 3.15839L9.20312 1L3.68499 10.0066L7.21198 12.165L12.7301 3.15839Z\" stroke=\"#003399\" stroke-width=\"1.24229\" stroke-linecap=\"round\" stroke-linejoin=\"round\"\/>\r\n<path d=\"M27.0113 11.8953L23.4844 9.73697L17.9662 18.7436L21.4932 20.9019L27.0113 11.8953Z\" stroke=\"#003399\" stroke-width=\"1.24229\" stroke-linecap=\"round\" stroke-linejoin=\"round\"\/>\r\n<path d=\"M14.8773 16.0159L11.0625 13.6813L0.64233 30.6889L4.45718 33.0235L14.8773 16.0159Z\" stroke=\"#003399\" stroke-width=\"1.24229\" stroke-linecap=\"round\" stroke-linejoin=\"round\"\/>\r\n<path d=\"M27.6745 28.5596H35.737C36.8634 28.5596 37.7787 29.4743 37.7787 30.6001V33.0105H25.6328V30.6001C25.6328 29.4743 26.5481 28.5596 27.6745 28.5596Z\" stroke=\"#003399\" stroke-width=\"1.24229\" stroke-linecap=\"round\" stroke-linejoin=\"round\"\/>\r\n<\/svg>\r\n        <\/div>\n\n        <a aria-labelledby=\"contact_fe desc_1\" href=\"\">\n          <h3 class=\"contact-menu-wrapper__list__item--link\">\n            Spolo\u010dn\u00fd<\/br>sekretari\u00e1t          <\/h3>\n        <\/a>\n\n        <p id=\"desc_1\">\n          Podporuje riadiaci org\u00e1n a monitorovac\u00ed v\u00fdbor pri vykon\u00e1van\u00ed ich funkci\u00ed        <\/p>\n      <\/li>\n\n      \n      <li id=\"information-points-37641\"\n        class=\"contact-menu-wrapper__list__item \">\n        <div class=\"contact-menu-wrapper__list__item__icon\">\n          <svg width=\"30\" height=\"30\" viewBox=\"0 0 30 30\" fill=\"none\" xmlns=\"http:\/\/www.w3.org\/2000\/svg\">\r\n<path d=\"M15.253 11.5058C16.5447 11.5058 17.5919 10.4605 17.5919 9.17108C17.5919 7.88165 16.5447 6.83637 15.253 6.83637C13.9612 6.83637 12.9141 7.88165 12.9141 9.17108C12.9141 10.4605 13.9612 11.5058 15.253 11.5058Z\" stroke=\"#003399\" stroke-width=\"1.2\" stroke-miterlimit=\"10\" stroke-linecap=\"round\" stroke-linejoin=\"round\"\/>\r\n<path d=\"M15.0337 29.0208C22.7843 29.0208 29.0674 22.7482 29.0674 15.0104C29.0674 7.27268 22.7843 1 15.0337 1C7.2831 1 1 7.27268 1 15.0104C1 22.7482 7.2831 29.0208 15.0337 29.0208Z\" stroke=\"#003399\" stroke-width=\"1.2\" stroke-miterlimit=\"10\" stroke-linecap=\"round\" stroke-linejoin=\"round\"\/>\r\n<path d=\"M17.7985 23.0843V15.6239C17.7985 15.2559 17.5433 15.0106 17.1606 15.0106H13.3332C12.9505 15.0106 12.6953 15.2559 12.6953 15.6239V23.2895H17.7985\" stroke=\"#003399\" stroke-width=\"1.2\" stroke-miterlimit=\"10\" stroke-linecap=\"round\" stroke-linejoin=\"round\"\/>\r\n<\/svg>\r\n        <\/div>\n\n        <a aria-labelledby=\"contact_fe desc_1\" href=\"\">\n          <h3 class=\"contact-menu-wrapper__list__item--link\">\n            Region\u00e1lne kontaktn\u00e9 body          <\/h3>\n        <\/a>\n\n        <p id=\"desc_1\">\n          Poradia, vyber\u00fa fondy, odpovedia na ot\u00e1zky, pom\u00f4\u017eu pripravi\u0165 sa a realizova\u0165 opatrenia        <\/p>\n      <\/li>\n\n      \n      <li id=\"information-points-37642\"\n        class=\"contact-menu-wrapper__list__item \">\n        <div class=\"contact-menu-wrapper__list__item__icon\">\n          <svg width=\"36\" height=\"33\" viewBox=\"0 0 36 33\" fill=\"none\" xmlns=\"http:\/\/www.w3.org\/2000\/svg\">\r\n<path fill-rule=\"evenodd\" clip-rule=\"evenodd\" d=\"M17.6141 0.0568292C17.7471 -0.0189431 17.9103 -0.0189431 18.0433 0.0568292L34.9855 9.70717C35.1563 9.80447 35.2402 10.0045 35.1898 10.1944C35.1395 10.3844 34.9675 10.5166 34.7709 10.5166H30.6406V24.057H32.4986C32.7379 24.057 32.932 24.2509 32.932 24.4901V27.6065H34.7596C34.999 27.6065 35.193 27.8004 35.193 28.0396V31.5901C35.193 31.8293 34.999 32.0233 34.7596 32.0233H0.894352C0.654989 32.0233 0.460948 31.8293 0.460948 31.5901V28.0396C0.460948 27.8004 0.654989 27.6065 0.894352 27.6065H2.71875V24.4901C2.71875 24.2509 2.91279 24.057 3.15215 24.057H5.01562V10.5166H0.886568C0.689958 10.5166 0.517978 10.3844 0.467621 10.1944C0.417265 10.0045 0.501148 9.80447 0.671963 9.70717L17.6141 0.0568292ZM20.0221 10.5166H26.2435V24.057H25.9277H25.0673H20.0221V10.5166ZM15.625 10.5166H9.41275V24.057H15.625V10.5166ZM19.1553 24.057H16.4918V10.518H19.1553V24.057ZM15.625 24.9233H9.41275V24.9253H5.01562V24.9233H3.58556V27.6064H13.949H14.3329H32.0652V24.9233H30.6406V24.925H26.2435V24.9233H25.9277H25.0673H20.0221V24.9253H15.625V24.9233ZM27.1103 24.057H29.7738V10.5177H27.1103V24.057ZM8.54594 24.057H5.88243V10.518H8.54594V24.057ZM33.1351 9.65034L17.8287 0.931715L2.52229 9.65034H33.1351ZM32.4938 28.4727H14.3329H13.949H3.15215C3.14033 28.4727 3.12861 28.4722 3.11702 28.4713C3.10513 28.4723 3.0931 28.4728 3.08095 28.4728H1.32776V31.157H34.3262V28.4728H32.502L32.4938 28.4727Z\" fill=\"#003399\"\/>\r\n<\/svg>\r\n        <\/div>\n\n        <a aria-labelledby=\"contact_fe desc_1\" href=\"\">\n          <h3 class=\"contact-menu-wrapper__list__item--link\">\n            In\u0161tit\u00facia<\/br>riadiaca          <\/h3>\n        <\/a>\n\n        <p id=\"desc_1\">\n          Ministerstvo fondov a region\u00e1lnej politiky. Je zodpovedn\u00fd za riadenie programu zameran\u00e9 na dosiahnutie cie\u013eov programu        <\/p>\n      <\/li>\n\n      \n      <li id=\"information-points-37643\"\n        class=\"contact-menu-wrapper__list__item \">\n        <div class=\"contact-menu-wrapper__list__item__icon\">\n          <svg width=\"36\" height=\"33\" viewBox=\"0 0 36 33\" fill=\"none\" xmlns=\"http:\/\/www.w3.org\/2000\/svg\">\r\n<path fill-rule=\"evenodd\" clip-rule=\"evenodd\" d=\"M17.6141 0.0568292C17.7471 -0.0189431 17.9103 -0.0189431 18.0433 0.0568292L34.9855 9.70717C35.1563 9.80447 35.2402 10.0045 35.1898 10.1944C35.1395 10.3844 34.9675 10.5166 34.7709 10.5166H30.6406V24.057H32.4986C32.7379 24.057 32.932 24.2509 32.932 24.4901V27.6065H34.7596C34.999 27.6065 35.193 27.8004 35.193 28.0396V31.5901C35.193 31.8293 34.999 32.0233 34.7596 32.0233H0.894352C0.654989 32.0233 0.460948 31.8293 0.460948 31.5901V28.0396C0.460948 27.8004 0.654989 27.6065 0.894352 27.6065H2.71875V24.4901C2.71875 24.2509 2.91279 24.057 3.15215 24.057H5.01562V10.5166H0.886568C0.689958 10.5166 0.517978 10.3844 0.467621 10.1944C0.417265 10.0045 0.501148 9.80447 0.671963 9.70717L17.6141 0.0568292ZM20.0221 10.5166H26.2435V24.057H25.9277H25.0673H20.0221V10.5166ZM15.625 10.5166H9.41275V24.057H15.625V10.5166ZM19.1553 24.057H16.4918V10.518H19.1553V24.057ZM15.625 24.9233H9.41275V24.9253H5.01562V24.9233H3.58556V27.6064H13.949H14.3329H32.0652V24.9233H30.6406V24.925H26.2435V24.9233H25.9277H25.0673H20.0221V24.9253H15.625V24.9233ZM27.1103 24.057H29.7738V10.5177H27.1103V24.057ZM8.54594 24.057H5.88243V10.518H8.54594V24.057ZM33.1351 9.65034L17.8287 0.931715L2.52229 9.65034H33.1351ZM32.4938 28.4727H14.3329H13.949H3.15215C3.14033 28.4727 3.12861 28.4722 3.11702 28.4713C3.10513 28.4723 3.0931 28.4728 3.08095 28.4728H1.32776V31.157H34.3262V28.4728H32.502L32.4938 28.4727Z\" fill=\"#003399\"\/>\r\n<\/svg>\r\n        <\/div>\n\n        <a aria-labelledby=\"contact_fe desc_1\" href=\"\">\n          <h3 class=\"contact-menu-wrapper__list__item--link\">\n            N\u00e1rodn\u00e1 in\u0161tit\u00facia          <\/h3>\n        <\/a>\n\n        <p id=\"desc_1\">\n          Ministerstvo invest\u00edci\u00ed, region\u00e1lneho rozvoja a informatiz\u00e1cie Slovenskej republiky. Podporuje riadiaci org\u00e1n v koordin\u00e1cii aktiv\u00edt spojen\u00fdch s programom v Slovenskej republike        <\/p>\n      <\/li>\n\n      \n      <li id=\"information-points-37645\"\n        class=\"contact-menu-wrapper__list__item \">\n        <div class=\"contact-menu-wrapper__list__item__icon\">\n          <svg width=\"36\" height=\"33\" viewBox=\"0 0 36 33\" fill=\"none\" xmlns=\"http:\/\/www.w3.org\/2000\/svg\">\r\n<path fill-rule=\"evenodd\" clip-rule=\"evenodd\" d=\"M17.6141 0.0568292C17.7471 -0.0189431 17.9103 -0.0189431 18.0433 0.0568292L34.9855 9.70717C35.1563 9.80447 35.2402 10.0045 35.1898 10.1944C35.1395 10.3844 34.9675 10.5166 34.7709 10.5166H30.6406V24.057H32.4986C32.7379 24.057 32.932 24.2509 32.932 24.4901V27.6065H34.7596C34.999 27.6065 35.193 27.8004 35.193 28.0396V31.5901C35.193 31.8293 34.999 32.0233 34.7596 32.0233H0.894352C0.654989 32.0233 0.460948 31.8293 0.460948 31.5901V28.0396C0.460948 27.8004 0.654989 27.6065 0.894352 27.6065H2.71875V24.4901C2.71875 24.2509 2.91279 24.057 3.15215 24.057H5.01562V10.5166H0.886568C0.689958 10.5166 0.517978 10.3844 0.467621 10.1944C0.417265 10.0045 0.501148 9.80447 0.671963 9.70717L17.6141 0.0568292ZM20.0221 10.5166H26.2435V24.057H25.9277H25.0673H20.0221V10.5166ZM15.625 10.5166H9.41275V24.057H15.625V10.5166ZM19.1553 24.057H16.4918V10.518H19.1553V24.057ZM15.625 24.9233H9.41275V24.9253H5.01562V24.9233H3.58556V27.6064H13.949H14.3329H32.0652V24.9233H30.6406V24.925H26.2435V24.9233H25.9277H25.0673H20.0221V24.9253H15.625V24.9233ZM27.1103 24.057H29.7738V10.5177H27.1103V24.057ZM8.54594 24.057H5.88243V10.518H8.54594V24.057ZM33.1351 9.65034L17.8287 0.931715L2.52229 9.65034H33.1351ZM32.4938 28.4727H14.3329H13.949H3.15215C3.14033 28.4727 3.12861 28.4722 3.11702 28.4713C3.10513 28.4723 3.0931 28.4728 3.08095 28.4728H1.32776V31.157H34.3262V28.4728H32.502L32.4938 28.4727Z\" fill=\"#003399\"\/>\r\n<\/svg>\r\n        <\/div>\n\n        <a aria-labelledby=\"contact_fe desc_1\" href=\"\">\n          <h3 class=\"contact-menu-wrapper__list__item--link\">\n            Kontrola          <\/h3>\n        <\/a>\n\n        <p id=\"desc_1\">\n          Subjekt alebo osoba zodpovedn\u00e1 za kontrolu na \u00fazem\u00ed \u0161t\u00e1tu, ktor\u00fd sa z\u00fa\u010dast\u0148uje na programe        <\/p>\n      <\/li>\n\n          <\/ul>\n  <\/nav>\n<\/section>\n\n","protected":false},"excerpt":{"rendered":"<p>M\u00e1te ot\u00e1zku oh\u013eadom aktu\u00e1lnych n\u00e1borov\u00fdch procesov?Skontrolujte odpovede na naj\u010dastej\u0161ie ot\u00e1zky: ZOZNAM OT\u00c1ZOK A ODPOVED\u00cd<\/p>\n","protected":false},"author":22,"featured_media":0,"parent":0,"menu_order":11,"comment_status":"closed","ping_status":"closed","template":"page-templates\/template-contact-page.php","meta":{"_acf_changed":false,"inline_featured_image":false,"_themeisle_gutenberg_block_has_review":false,"footnotes":"","_links_to":"","_links_to_target":""},"class_list":["post-35928","page","type-page","status-publish","hentry"],"acf":[],"_links":{"self":[{"href":"https:\/\/plsk.eu\/sk\/wp-json\/wp\/v2\/pages\/35928","targetHints":{"allow":["GET"]}}],"collection":[{"href":"https:\/\/plsk.eu\/sk\/wp-json\/wp\/v2\/pages"}],"about":[{"href":"https:\/\/plsk.eu\/sk\/wp-json\/wp\/v2\/types\/page"}],"author":[{"embeddable":true,"href":"https:\/\/plsk.eu\/sk\/wp-json\/wp\/v2\/users\/22"}],"replies":[{"embeddable":true,"href":"https:\/\/plsk.eu\/sk\/wp-json\/wp\/v2\/comments?post=35928"}],"version-history":[{"count":7,"href":"https:\/\/plsk.eu\/sk\/wp-json\/wp\/v2\/pages\/35928\/revisions"}],"predecessor-version":[{"id":38900,"href":"https:\/\/plsk.eu\/sk\/wp-json\/wp\/v2\/pages\/35928\/revisions\/38900"}],"wp:attachment":[{"href":"https:\/\/plsk.eu\/sk\/wp-json\/wp\/v2\/media?parent=35928"}],"curies":[{"name":"wp","href":"https:\/\/api.w.org\/{rel}","templated":true}]}}