{"id":36243,"date":"2024-10-30T11:58:46","date_gmt":"2024-10-30T10:58:46","guid":{"rendered":"https:\/\/plsk.eu\/informacia-o-programe\/prijimatelia-programu\/instytucja-krajowa\/"},"modified":"2025-01-03T10:48:32","modified_gmt":"2025-01-03T09:48:32","slug":"narodny-organ","status":"publish","type":"page","link":"https:\/\/plsk.eu\/sk\/informacia-o-programe\/institucie-programu\/narodny-organ\/","title":{"rendered":"N\u00e1rodn\u00fd org\u00e1n"},"content":{"rendered":"\n<p>\u00dalohu N\u00e1rodn\u00e9ho org\u00e1nu v programe pln\u00ed Ministerstvo invest\u00edci\u00ed, region\u00e1lneho rozvoja a&nbsp;informatiz\u00e1cie<strong>&nbsp;<\/strong>Slovenskej republiky. Je zahrani\u010dn\u00fdm partnerom riadiaceho org\u00e1nu, ktor\u00fd podporuje riadiaci org\u00e1n v koordin\u00e1cii aktiv\u00edt spojen\u00fdch s programom v Slovenskej republike a je zodpovedn\u00fd za zasielanie platieb zo \u0161t\u00e1tneho rozpo\u010dtu slovensk\u00fdm partnerom.<\/p>\n\n\n\n<p><strong><a href=\"https:\/\/plsk.eu\/sk\/ozvite-sa\/\">Kontaktn\u00e9 \u00fadaje n\u00e1jdete tu<\/a><\/strong><\/p>\n\n\n\n<h2 class=\"wp-block-heading\">Pre\u010d\u00edtajte si tie\u017e<\/h2>\n\n\n<ul class=\"subpages-list__btns js_random-subpages wp-block-page-list\"><li class=\"wp-block-pages-list__item\"><a class=\"wp-block-pages-list__item__link\" href=\"https:\/\/plsk.eu\/sk\/informacia-o-programe\/institucie-programu\/riadaci-organ\/\">Riadaci org\u00e1n<\/a><\/li><li class=\"wp-block-pages-list__item\"><a class=\"wp-block-pages-list__item__link\" href=\"https:\/\/plsk.eu\/sk\/informacia-o-programe\/institucie-programu\/narodny-organ\/\">N\u00e1rodn\u00fd org\u00e1n<\/a><\/li><li class=\"wp-block-pages-list__item\"><a class=\"wp-block-pages-list__item__link\" href=\"https:\/\/plsk.eu\/sk\/informacia-o-programe\/institucie-programu\/monitorovaci-vybor\/\">Monitorovac\u00ed v\u00fdbor<\/a><\/li><li class=\"wp-block-pages-list__item\"><a class=\"wp-block-pages-list__item__link\" href=\"https:\/\/plsk.eu\/sk\/informacia-o-programe\/institucie-programu\/organy-kontroly\/\">Org\u00e1ny kontroly<\/a><\/li><li class=\"wp-block-pages-list__item\"><a class=\"wp-block-pages-list__item__link\" href=\"https:\/\/plsk.eu\/sk\/informacia-o-programe\/institucie-programu\/spolocny-technicky-sekretariat\/\">Spolo\u010dn\u00fd sekretari\u00e1t<\/a><\/li><li class=\"wp-block-pages-list__item\"><a class=\"wp-block-pages-list__item__link\" href=\"https:\/\/plsk.eu\/sk\/informacia-o-programe\/institucie-programu\/regionalne-kontaktne-body\/\">Region\u00e1lne kontaktn\u00e9 body<\/a><\/li><li class=\"wp-block-pages-list__item\"><a class=\"wp-block-pages-list__item__link\" href=\"https:\/\/plsk.eu\/sk\/informacia-o-programe\/institucie-programu\/organ-auditu\/\">Org\u00e1n auditu<\/a><\/li><\/ul>","protected":false},"excerpt":{"rendered":"<p>\u00dalohu N\u00e1rodn\u00e9ho org\u00e1nu v programe pln\u00ed Ministerstvo invest\u00edci\u00ed, region\u00e1lneho rozvoja a&nbsp;informatiz\u00e1cie&nbsp;Slovenskej republiky. Je zahrani\u010dn\u00fdm partnerom riadiaceho org\u00e1nu, ktor\u00fd podporuje riadiaci org\u00e1n v koordin\u00e1cii aktiv\u00edt spojen\u00fdch s programom v Slovenskej republike a je zodpovedn\u00fd za zasielanie platieb zo \u0161t\u00e1tneho rozpo\u010dtu slovensk\u00fdm partnerom. Kontaktn\u00e9 \u00fadaje n\u00e1jdete tu Pre\u010d\u00edtajte si tie\u017e<\/p>\n","protected":false},"author":18,"featured_media":0,"parent":35520,"menu_order":2,"comment_status":"closed","ping_status":"closed","template":"page-templates\/template-content-center.php","meta":{"_acf_changed":false,"inline_featured_image":false,"_themeisle_gutenberg_block_has_review":false,"footnotes":"","_links_to":"","_links_to_target":""},"class_list":["post-36243","page","type-page","status-publish","hentry"],"acf":[],"_links":{"self":[{"href":"https:\/\/plsk.eu\/sk\/wp-json\/wp\/v2\/pages\/36243","targetHints":{"allow":["GET"]}}],"collection":[{"href":"https:\/\/plsk.eu\/sk\/wp-json\/wp\/v2\/pages"}],"about":[{"href":"https:\/\/plsk.eu\/sk\/wp-json\/wp\/v2\/types\/page"}],"author":[{"embeddable":true,"href":"https:\/\/plsk.eu\/sk\/wp-json\/wp\/v2\/users\/18"}],"replies":[{"embeddable":true,"href":"https:\/\/plsk.eu\/sk\/wp-json\/wp\/v2\/comments?post=36243"}],"version-history":[{"count":4,"href":"https:\/\/plsk.eu\/sk\/wp-json\/wp\/v2\/pages\/36243\/revisions"}],"predecessor-version":[{"id":38777,"href":"https:\/\/plsk.eu\/sk\/wp-json\/wp\/v2\/pages\/36243\/revisions\/38777"}],"up":[{"embeddable":true,"href":"https:\/\/plsk.eu\/sk\/wp-json\/wp\/v2\/pages\/35520"}],"wp:attachment":[{"href":"https:\/\/plsk.eu\/sk\/wp-json\/wp\/v2\/media?parent=36243"}],"curies":[{"name":"wp","href":"https:\/\/api.w.org\/{rel}","templated":true}]}}