{"id":36251,"date":"2024-10-30T11:59:48","date_gmt":"2024-10-30T10:59:48","guid":{"rendered":"https:\/\/plsk.eu\/informacia-o-programe\/prijimatelia-programu\/kontrolerzy\/"},"modified":"2025-01-03T10:44:27","modified_gmt":"2025-01-03T09:44:27","slug":"organy-kontroly","status":"publish","type":"page","link":"https:\/\/plsk.eu\/sk\/informacia-o-programe\/institucie-programu\/organy-kontroly\/","title":{"rendered":"Org\u00e1ny kontroly"},"content":{"rendered":"\n<p>Pred zaslan\u00edm \u017eiadosti o platbu pre projekt ved\u00facim partnerom na SpS, v\u00fddavky vzniknut\u00e9 v projekte u jednotliv\u00fdch partnerov (vr\u00e1tane ved\u00faceho partnera) s\u00fa posudzovan\u00e9 a potvrden\u00e9 nez\u00e1visl\u00fdmi vn\u00fatro\u0161t\u00e1tnymi kontrol\u00f3rmi menovan\u00fdmi \u010dlensk\u00fdmi \u0161t\u00e1tmi pod\u013ea \u010dl. 46 nariadenia E\u00daS.<\/p>\n\n\n\n<p>Tak v Po\u013esku ako aj na Slovensku, funguje centralizovan\u00fd syst\u00e9m kontroly, t.j. boli ur\u010den\u00e9 verejn\u00e9 org\u00e1ny alebo in\u0161tit\u00facie na centr\u00e1lnej \u00farovni, ktor\u00e9 boli poveren\u00e9 vykon\u00e1van\u00edm kontroln\u00fdch \u00faloh.&nbsp;<\/p>\n\n\n\n<p>V Po\u013esku funkciu kontrol\u00f3rov vykon\u00e1vaj\u00fa: vojvoda Malopo\u013esk\u00fd, vojvoda Podkarpatsk\u00fd a vojvoda Sliezsky. Pravidlom je, \u017ee kontrol\u00f3r kontroluje t\u00fdch partnerov, ktor\u00ed maj\u00fa svoje s\u00eddlo na \u00fazem\u00ed vojvodstva, v ktorom \u00falohu kontrol\u00f3ra vykon\u00e1va pr\u00edslu\u0161n\u00fd vojvoda.&nbsp;<\/p>\n\n\n\n<p>V Slovenskej republike \u00falohu kontrol\u00f3ra vykon\u00e1va Odbor programov cezhrani\u010dnej spolupr\u00e1ce na Ministerstve invest\u00edci\u00ed, region\u00e1lneho rozvoja a&nbsp;informatiz\u00e1cie Slovenskej republiky<\/p>\n\n\n\n<p><strong><a href=\"https:\/\/plsk.eu\/sk\/ozvite-sa\/\">Kontaktn\u00e9 \u00fadaje n\u00e1jdete tu<\/a><\/strong><\/p>\n\n\n\n<h2 class=\"wp-block-heading\">Pre\u010d\u00edtajte si tie\u017e<\/h2>\n\n\n<ul class=\"subpages-list__btns js_random-subpages wp-block-page-list\"><li class=\"wp-block-pages-list__item\"><a class=\"wp-block-pages-list__item__link\" href=\"https:\/\/plsk.eu\/sk\/informacia-o-programe\/institucie-programu\/riadaci-organ\/\">Riadaci org\u00e1n<\/a><\/li><li class=\"wp-block-pages-list__item\"><a class=\"wp-block-pages-list__item__link\" href=\"https:\/\/plsk.eu\/sk\/informacia-o-programe\/institucie-programu\/narodny-organ\/\">N\u00e1rodn\u00fd org\u00e1n<\/a><\/li><li class=\"wp-block-pages-list__item\"><a class=\"wp-block-pages-list__item__link\" href=\"https:\/\/plsk.eu\/sk\/informacia-o-programe\/institucie-programu\/monitorovaci-vybor\/\">Monitorovac\u00ed v\u00fdbor<\/a><\/li><li class=\"wp-block-pages-list__item\"><a class=\"wp-block-pages-list__item__link\" href=\"https:\/\/plsk.eu\/sk\/informacia-o-programe\/institucie-programu\/organy-kontroly\/\">Org\u00e1ny kontroly<\/a><\/li><li class=\"wp-block-pages-list__item\"><a class=\"wp-block-pages-list__item__link\" href=\"https:\/\/plsk.eu\/sk\/informacia-o-programe\/institucie-programu\/spolocny-technicky-sekretariat\/\">Spolo\u010dn\u00fd sekretari\u00e1t<\/a><\/li><li class=\"wp-block-pages-list__item\"><a class=\"wp-block-pages-list__item__link\" href=\"https:\/\/plsk.eu\/sk\/informacia-o-programe\/institucie-programu\/regionalne-kontaktne-body\/\">Region\u00e1lne kontaktn\u00e9 body<\/a><\/li><li class=\"wp-block-pages-list__item\"><a class=\"wp-block-pages-list__item__link\" href=\"https:\/\/plsk.eu\/sk\/informacia-o-programe\/institucie-programu\/organ-auditu\/\">Org\u00e1n auditu<\/a><\/li><\/ul>","protected":false},"excerpt":{"rendered":"<p>Pred zaslan\u00edm \u017eiadosti o platbu pre projekt ved\u00facim partnerom na SpS, v\u00fddavky vzniknut\u00e9 v projekte u jednotliv\u00fdch partnerov (vr\u00e1tane ved\u00faceho partnera) s\u00fa posudzovan\u00e9 a potvrden\u00e9 nez\u00e1visl\u00fdmi vn\u00fatro\u0161t\u00e1tnymi kontrol\u00f3rmi menovan\u00fdmi \u010dlensk\u00fdmi \u0161t\u00e1tmi pod\u013ea \u010dl. 46 nariadenia E\u00daS. Tak v Po\u013esku ako aj na Slovensku, funguje centralizovan\u00fd syst\u00e9m kontroly, t.j. boli ur\u010den\u00e9 verejn\u00e9 org\u00e1ny alebo in\u0161tit\u00facie na [&hellip;]<\/p>\n","protected":false},"author":18,"featured_media":0,"parent":35520,"menu_order":4,"comment_status":"closed","ping_status":"closed","template":"page-templates\/template-content-center.php","meta":{"_acf_changed":false,"inline_featured_image":false,"_themeisle_gutenberg_block_has_review":false,"footnotes":"","_links_to":"","_links_to_target":""},"class_list":["post-36251","page","type-page","status-publish","hentry"],"acf":[],"_links":{"self":[{"href":"https:\/\/plsk.eu\/sk\/wp-json\/wp\/v2\/pages\/36251","targetHints":{"allow":["GET"]}}],"collection":[{"href":"https:\/\/plsk.eu\/sk\/wp-json\/wp\/v2\/pages"}],"about":[{"href":"https:\/\/plsk.eu\/sk\/wp-json\/wp\/v2\/types\/page"}],"author":[{"embeddable":true,"href":"https:\/\/plsk.eu\/sk\/wp-json\/wp\/v2\/users\/18"}],"replies":[{"embeddable":true,"href":"https:\/\/plsk.eu\/sk\/wp-json\/wp\/v2\/comments?post=36251"}],"version-history":[{"count":4,"href":"https:\/\/plsk.eu\/sk\/wp-json\/wp\/v2\/pages\/36251\/revisions"}],"predecessor-version":[{"id":38774,"href":"https:\/\/plsk.eu\/sk\/wp-json\/wp\/v2\/pages\/36251\/revisions\/38774"}],"up":[{"embeddable":true,"href":"https:\/\/plsk.eu\/sk\/wp-json\/wp\/v2\/pages\/35520"}],"wp:attachment":[{"href":"https:\/\/plsk.eu\/sk\/wp-json\/wp\/v2\/media?parent=36251"}],"curies":[{"name":"wp","href":"https:\/\/api.w.org\/{rel}","templated":true}]}}