{"id":36256,"date":"2024-10-30T12:02:15","date_gmt":"2024-10-30T11:02:15","guid":{"rendered":"https:\/\/plsk.eu\/informacia-o-programe\/prijimatelia-programu\/regionalne-punkty-kontaktowe\/"},"modified":"2024-11-28T16:44:31","modified_gmt":"2024-11-28T15:44:31","slug":"regionalne-kontaktne-body","status":"publish","type":"page","link":"https:\/\/plsk.eu\/sk\/informacia-o-programe\/institucie-programu\/regionalne-kontaktne-body\/","title":{"rendered":"Region\u00e1lne kontaktn\u00e9 body"},"content":{"rendered":"\n<p>Region\u00e1lne kontaktn\u00e9 body informuj\u00fa potencion\u00e1lnych \u017eiadate\u013eov o Programe<br>a zabezpe\u010duj\u00fa konzult\u00e1cie pre \u017eiadate\u013eov, ako aj spolupr\u00e1cu v r\u00e1mci implement\u00e1cie Komunika\u010dn\u00e9j Str\u00e1tegie programu. Region\u00e1lne kontaktn\u00e9 body umiestnene sa v\u00a0mar\u0161alsk\u00fdch \u00faradoch (Sliezske, Malopo\u013esk\u00e9 a\u00a0Podkarpatsk\u00e9 vojvodstvo) v\u00a0Po\u013eskej republike a v\u00a0Pre\u0161ovskom a\u00a0\u017dilinskom samospr\u00e1vnom kraji v\u00a0Slovenskej republike. Kontaktn\u00e9 \u00fadaje n\u00e1jdete v\u00a0<a href=\"https:\/\/plsk.eu\/sk\/ozvite-sa\/\">z\u00e1lo\u017eke H\u013eadaj kontaktn\u00fd bod<\/a>.<\/p>\n\n\n\n<h2 class=\"wp-block-heading\">Pre\u010d\u00edtajte si tie\u017e<\/h2>\n\n\n<ul class=\"subpages-list__btns js_random-subpages wp-block-page-list\"><li class=\"wp-block-pages-list__item\"><a class=\"wp-block-pages-list__item__link\" href=\"https:\/\/plsk.eu\/sk\/informacia-o-programe\/institucie-programu\/riadaci-organ\/\">Riadaci org\u00e1n<\/a><\/li><li class=\"wp-block-pages-list__item\"><a class=\"wp-block-pages-list__item__link\" href=\"https:\/\/plsk.eu\/sk\/informacia-o-programe\/institucie-programu\/narodny-organ\/\">N\u00e1rodn\u00fd org\u00e1n<\/a><\/li><li class=\"wp-block-pages-list__item\"><a class=\"wp-block-pages-list__item__link\" href=\"https:\/\/plsk.eu\/sk\/informacia-o-programe\/institucie-programu\/monitorovaci-vybor\/\">Monitorovac\u00ed v\u00fdbor<\/a><\/li><li class=\"wp-block-pages-list__item\"><a class=\"wp-block-pages-list__item__link\" href=\"https:\/\/plsk.eu\/sk\/informacia-o-programe\/institucie-programu\/organy-kontroly\/\">Org\u00e1ny kontroly<\/a><\/li><li class=\"wp-block-pages-list__item\"><a class=\"wp-block-pages-list__item__link\" href=\"https:\/\/plsk.eu\/sk\/informacia-o-programe\/institucie-programu\/spolocny-technicky-sekretariat\/\">Spolo\u010dn\u00fd sekretari\u00e1t<\/a><\/li><li class=\"wp-block-pages-list__item\"><a class=\"wp-block-pages-list__item__link\" href=\"https:\/\/plsk.eu\/sk\/informacia-o-programe\/institucie-programu\/regionalne-kontaktne-body\/\">Region\u00e1lne kontaktn\u00e9 body<\/a><\/li><li class=\"wp-block-pages-list__item\"><a class=\"wp-block-pages-list__item__link\" href=\"https:\/\/plsk.eu\/sk\/informacia-o-programe\/institucie-programu\/organ-auditu\/\">Org\u00e1n auditu<\/a><\/li><\/ul>\n\n\n<p><\/p>\n","protected":false},"excerpt":{"rendered":"<p>Region\u00e1lne kontaktn\u00e9 body informuj\u00fa potencion\u00e1lnych \u017eiadate\u013eov o Programea zabezpe\u010duj\u00fa konzult\u00e1cie pre \u017eiadate\u013eov, ako aj spolupr\u00e1cu v r\u00e1mci implement\u00e1cie Komunika\u010dn\u00e9j Str\u00e1tegie programu. Region\u00e1lne kontaktn\u00e9 body umiestnene sa v\u00a0mar\u0161alsk\u00fdch \u00faradoch (Sliezske, Malopo\u013esk\u00e9 a\u00a0Podkarpatsk\u00e9 vojvodstvo) v\u00a0Po\u013eskej republike a v\u00a0Pre\u0161ovskom a\u00a0\u017dilinskom samospr\u00e1vnom kraji v\u00a0Slovenskej republike. Kontaktn\u00e9 \u00fadaje n\u00e1jdete v\u00a0z\u00e1lo\u017eke H\u013eadaj kontaktn\u00fd bod. Pre\u010d\u00edtajte si tie\u017e<\/p>\n","protected":false},"author":18,"featured_media":0,"parent":35520,"menu_order":5,"comment_status":"closed","ping_status":"closed","template":"page-templates\/template-content-center.php","meta":{"_acf_changed":false,"inline_featured_image":false,"_themeisle_gutenberg_block_has_review":false,"footnotes":"","_links_to":"","_links_to_target":""},"class_list":["post-36256","page","type-page","status-publish","hentry"],"acf":[],"_links":{"self":[{"href":"https:\/\/plsk.eu\/sk\/wp-json\/wp\/v2\/pages\/36256","targetHints":{"allow":["GET"]}}],"collection":[{"href":"https:\/\/plsk.eu\/sk\/wp-json\/wp\/v2\/pages"}],"about":[{"href":"https:\/\/plsk.eu\/sk\/wp-json\/wp\/v2\/types\/page"}],"author":[{"embeddable":true,"href":"https:\/\/plsk.eu\/sk\/wp-json\/wp\/v2\/users\/18"}],"replies":[{"embeddable":true,"href":"https:\/\/plsk.eu\/sk\/wp-json\/wp\/v2\/comments?post=36256"}],"version-history":[{"count":1,"href":"https:\/\/plsk.eu\/sk\/wp-json\/wp\/v2\/pages\/36256\/revisions"}],"predecessor-version":[{"id":36257,"href":"https:\/\/plsk.eu\/sk\/wp-json\/wp\/v2\/pages\/36256\/revisions\/36257"}],"up":[{"embeddable":true,"href":"https:\/\/plsk.eu\/sk\/wp-json\/wp\/v2\/pages\/35520"}],"wp:attachment":[{"href":"https:\/\/plsk.eu\/sk\/wp-json\/wp\/v2\/media?parent=36256"}],"curies":[{"name":"wp","href":"https:\/\/api.w.org\/{rel}","templated":true}]}}