{"id":36258,"date":"2024-10-30T11:59:11","date_gmt":"2024-10-30T10:59:11","guid":{"rendered":"https:\/\/plsk.eu\/informacia-o-programe\/prijimatelia-programu\/instytucja-audytowa\/"},"modified":"2025-01-03T10:49:53","modified_gmt":"2025-01-03T09:49:53","slug":"organ-auditu","status":"publish","type":"page","link":"https:\/\/plsk.eu\/sk\/informacia-o-programe\/institucie-programu\/organ-auditu\/","title":{"rendered":"Org\u00e1n auditu"},"content":{"rendered":"\n<p>\u00dalohu Org\u00e1nu auditu pln\u00ed prezident Finan\u010dnej spr\u00e1vy na Ministerstve financi\u00ed Po\u013eskej republiky. Org\u00e1n auditu je podporovan\u00fd Skupinou aud\u00edtorov, zlo\u017eenej zo z\u00e1stupcov Ministerstva financi\u00ed Slovenskej republiky. Org\u00e1n auditu nesie zodpovednos\u0165 za vykon\u00e1vanie auditov \u010derpania eur\u00f3pskych prostriedkov.<\/p>\n\n\n\n<p><strong><a href=\"https:\/\/plsk.eu\/sk\/ozvite-sa\/\">Kontaktn\u00e9 \u00fadaje n\u00e1jdete tu<\/a><\/strong><\/p>\n\n\n\n<h2 class=\"wp-block-heading\">Pre\u010d\u00edtajte si tie\u017e<\/h2>\n\n\n<ul class=\"subpages-list__btns js_random-subpages wp-block-page-list\"><li class=\"wp-block-pages-list__item\"><a class=\"wp-block-pages-list__item__link\" href=\"https:\/\/plsk.eu\/sk\/informacia-o-programe\/institucie-programu\/riadaci-organ\/\">Riadaci org\u00e1n<\/a><\/li><li class=\"wp-block-pages-list__item\"><a class=\"wp-block-pages-list__item__link\" href=\"https:\/\/plsk.eu\/sk\/informacia-o-programe\/institucie-programu\/narodny-organ\/\">N\u00e1rodn\u00fd org\u00e1n<\/a><\/li><li class=\"wp-block-pages-list__item\"><a class=\"wp-block-pages-list__item__link\" href=\"https:\/\/plsk.eu\/sk\/informacia-o-programe\/institucie-programu\/monitorovaci-vybor\/\">Monitorovac\u00ed v\u00fdbor<\/a><\/li><li class=\"wp-block-pages-list__item\"><a class=\"wp-block-pages-list__item__link\" href=\"https:\/\/plsk.eu\/sk\/informacia-o-programe\/institucie-programu\/organy-kontroly\/\">Org\u00e1ny kontroly<\/a><\/li><li class=\"wp-block-pages-list__item\"><a class=\"wp-block-pages-list__item__link\" href=\"https:\/\/plsk.eu\/sk\/informacia-o-programe\/institucie-programu\/spolocny-technicky-sekretariat\/\">Spolo\u010dn\u00fd sekretari\u00e1t<\/a><\/li><li class=\"wp-block-pages-list__item\"><a class=\"wp-block-pages-list__item__link\" href=\"https:\/\/plsk.eu\/sk\/informacia-o-programe\/institucie-programu\/regionalne-kontaktne-body\/\">Region\u00e1lne kontaktn\u00e9 body<\/a><\/li><li class=\"wp-block-pages-list__item\"><a class=\"wp-block-pages-list__item__link\" href=\"https:\/\/plsk.eu\/sk\/informacia-o-programe\/institucie-programu\/organ-auditu\/\">Org\u00e1n auditu<\/a><\/li><\/ul>","protected":false},"excerpt":{"rendered":"<p>\u00dalohu Org\u00e1nu auditu pln\u00ed prezident Finan\u010dnej spr\u00e1vy na Ministerstve financi\u00ed Po\u013eskej republiky. Org\u00e1n auditu je podporovan\u00fd Skupinou aud\u00edtorov, zlo\u017eenej zo z\u00e1stupcov Ministerstva financi\u00ed Slovenskej republiky. Org\u00e1n auditu nesie zodpovednos\u0165 za vykon\u00e1vanie auditov \u010derpania eur\u00f3pskych prostriedkov. Kontaktn\u00e9 \u00fadaje n\u00e1jdete tu Pre\u010d\u00edtajte si tie\u017e<\/p>\n","protected":false},"author":18,"featured_media":0,"parent":35520,"menu_order":6,"comment_status":"closed","ping_status":"closed","template":"page-templates\/template-content-center.php","meta":{"_acf_changed":false,"inline_featured_image":false,"_themeisle_gutenberg_block_has_review":false,"footnotes":"","_links_to":"","_links_to_target":""},"class_list":["post-36258","page","type-page","status-publish","hentry"],"acf":[],"_links":{"self":[{"href":"https:\/\/plsk.eu\/sk\/wp-json\/wp\/v2\/pages\/36258","targetHints":{"allow":["GET"]}}],"collection":[{"href":"https:\/\/plsk.eu\/sk\/wp-json\/wp\/v2\/pages"}],"about":[{"href":"https:\/\/plsk.eu\/sk\/wp-json\/wp\/v2\/types\/page"}],"author":[{"embeddable":true,"href":"https:\/\/plsk.eu\/sk\/wp-json\/wp\/v2\/users\/18"}],"replies":[{"embeddable":true,"href":"https:\/\/plsk.eu\/sk\/wp-json\/wp\/v2\/comments?post=36258"}],"version-history":[{"count":3,"href":"https:\/\/plsk.eu\/sk\/wp-json\/wp\/v2\/pages\/36258\/revisions"}],"predecessor-version":[{"id":38778,"href":"https:\/\/plsk.eu\/sk\/wp-json\/wp\/v2\/pages\/36258\/revisions\/38778"}],"up":[{"embeddable":true,"href":"https:\/\/plsk.eu\/sk\/wp-json\/wp\/v2\/pages\/35520"}],"wp:attachment":[{"href":"https:\/\/plsk.eu\/sk\/wp-json\/wp\/v2\/media?parent=36258"}],"curies":[{"name":"wp","href":"https:\/\/api.w.org\/{rel}","templated":true}]}}